{"id":5446,"date":"2016-04-11T09:26:55","date_gmt":"2016-04-11T09:26:55","guid":{"rendered":"http:\/\/edition-weissenburg.de\/blog\/?page_id=5446"},"modified":"2025-04-19T21:43:40","modified_gmt":"2025-04-19T19:43:40","slug":"person-reinhold-urmetzer","status":"publish","type":"page","link":"https:\/\/edition-weissenburg.de\/blog\/?page_id=5446&lang=de","title":{"rendered":"Person [Reinhold Urmetzer]"},"content":{"rendered":"<h1 class=\"Textk\u00f6rper-P-P0\" style=\"padding-left: 30px;\"><span class=\"Textk\u00f6rper-C-C0\"><strong>Zur Person: Reinhold Urmetzer<\/strong><\/span><span class=\"Textk\u00f6rper-C-C0\"><img loading=\"lazy\" decoding=\"async\" class=\"alignright\" title=\"\" src=\"https:\/\/i2.wp.com\/www.edition-weissenburg.de\/wpimages\/wp7f9fd83b_06.png?resize=232%2C282\" alt=\"\" width=\"232\" height=\"282\" border=\"0\" data-recalc-dims=\"1\" \/><\/span><\/h1>\n<p class=\"Textk\u00f6rper-P-P0\"><span class=\"Textk\u00f6rper-C-C1\">Geboren am 13.5.1950 in Saarbr\u00fccken mit deutsch- franz\u00f6sischem Hintergrund, arbeitet an der Schnittstelle von Musik, Literatur und Philosophie. Er studierte Musik, Germanistik und Philosophie in Saarbr\u00fccken, Stuttgart und T\u00fcbingen, u. a. Meisterklasse Komposition bei <\/span><span class=\"Textk\u00f6rper-C-C1\"><u>Erhard Karkoschka<\/u><\/span><span class=\"Textk\u00f6rper-C-C1\"> und Philosophie als Hauptfach bei <\/span><span class=\"Textk\u00f6rper-C-C1\"><u>Karl Otto Apel<\/u><\/span><span class=\"Textk\u00f6rper-C-C1\">. Er war Fl\u00f6tist im Musikhochschulorchester Saarbr\u00fccken, spielte dort auch vier Jahre lang im Ensemble Neue Musik sowie sp\u00e4ter Piano in den Rockgruppen <\/span><span class=\"Textk\u00f6rper-C-C1\"><u>Puma<\/u><\/span><span class=\"Textk\u00f6rper-C-C1\"> und <\/span><span class=\"Textk\u00f6rper-C-C1\"><u>Zoom Orchestra<\/u><\/span><span class=\"Textk\u00f6rper-C-C1\">. Freundschaften mit den Schlagzeugern Herrmann Rarebell \u00a0(Scorpions) sowie Manfred von Bohr (Birth Control).<\/span><\/p>\n<p class=\"Textk\u00f6rper-P-P0\"><span class=\"Textk\u00f6rper-C-C1\">Wichtige Anregungen f\u00fcr seine Kunst hat er durch Gespr\u00e4che, Interviews und Begegnungen mit Karel Goeyvaerts (<\/span>M<span class=\"Textk\u00f6rper-C-C1\">inimal <\/span>M<span class=\"Textk\u00f6rper-C-C1\">usic), <\/span>Jean <span class=\"Textk\u00f6rper-C-C1\">Fran<\/span>\u00e7<span class=\"Textk\u00f6rper-C-C1\">ois Lyotard (&#8220;Was ist Postmoderne?&#8221;), Niklas Luhmann (&#8220;Der Beobachter beobachtet den Beobachter&#8221;) sowie in Robert Jungks &#8220;Zukunftswerkstatt&#8221; am Ossiacher See in \u00d6sterreich erhalten. Zusammen mit und \u00fcber den Komponisten <\/span><span class=\"Textk\u00f6rper-C-C1\"><u>Wolfgang Rihm<\/u><\/span><span class=\"Textk\u00f6rper-C-C1\"> hat er zwei B\u00fccher geschrieben.<\/span><\/p>\n<p class=\"Textk\u00f6rper-P-P0\"><span class=\"Textk\u00f6rper-C-C1\">Bei der <\/span><span class=\"Textk\u00f6rper-C-C1\"><u>Stuttgarter Zeitung<\/u><\/span><span class=\"Textk\u00f6rper-C-C1\"> arbeitete Reinhold Urmetzer zehn Jahre lang als Kritiker f\u00fcr Rockmusik und Neue Musik mit redaktionellen Aufgaben. In der Berliner <\/span><span class=\"Textk\u00f6rper-C-C1\"><u>taz<\/u><\/span><span class=\"Textk\u00f6rper-C-C1\"> hat er in den st\u00fcrmischen Aufbruchsjahren der Zeitung die Kulturseite mitgestaltet und gepr\u00e4gt, unter anderem mit experimentellen Interviews (im Blog die Nr.6 und Nr.7). In Fachzeitschriften wie <\/span><span class=\"Textk\u00f6rper-C-C1\"><u>Das Orchester<\/u><\/span><span class=\"Textk\u00f6rper-C-C1\"> und <\/span><span class=\"Textk\u00f6rper-C-C1\"><u>Neue Zeitschrift f\u00fcr Musik<\/u><\/span><span class=\"Textk\u00f6rper-C-C1\"> besch\u00e4ftigte er sich mit klassischer Oper sowie zeitgen\u00f6ssischer und klassischer Musik allgemein.<\/span><\/p>\n<p class=\"Textk\u00f6rper-P-P0\">Als Saar-Franzose ist er wie Max Ophyls oder Gustav Regler ein Grenzg\u00e4nger und Mittler zwischen der oft antagonistischen deutschen und franz\u00f6sischen Kultur. <u>Marc Adam<\/u>, franz\u00f6sischer Regisseur und Theaterintendant, urteilt \u00fcber Urmetzers Sprache und Stil: &#8220;Er ist ein Deutscher, der wie ein Franzose denkt und schreibt.&#8221;<\/p>\n<p class=\"Textk\u00f6rper-P-P0\"><span class=\"Textk\u00f6rper-C-C1\">1997 hat Reinhold Urmetzer den <\/span><span class=\"Textk\u00f6rper-C-C1\"><u>Cicero-<\/u><\/span><span class=\"Textk\u00f6rper-C-C1\"><u><wbr \/><\/u><\/span><span class=\"Textk\u00f6rper-C-C1\"><u>Rednerpreis<\/u><\/span><span class=\"Textk\u00f6rper-C-C1\"> in Bonn erhalten. Dem Autor sei ein &#8220;hervorragender Beitrag zur Redekultur&#8221; und zur &#8220;Weiterentwicklung der Redekultur im deutschsprachigen Raum gelungen\u201d, hei\u00dft es in der Verleihungsurkunde.<\/span><\/p>\n<p class=\"Textk\u00f6rper-P-P0\">Reinhold Urmetzer hat mittlerweile elf B\u00fccher ver\u00f6ffentlicht, darunter zwei auch in englischer Sprache, die sich mit Literatur, Malerei, Musik oder Philosophie besch\u00e4ftigen. Im <u>Blog<\/u> setzt er sich schriftstellerisch mit Alltagsthemen sowie \u00e4sthetischen, politischen und philosophischen Fragen auseinander. Diese Essays k\u00f6nnen \u00a0teilweise in Englisch gelesen werden und finden mittlerweile auch international eine Leserschaft.<\/p>\n<p class=\"Textk\u00f6rper-P-P0\"><span class=\"Textk\u00f6rper-C-C1\">Seine Musikkompositionen, darunter Rockmusik (\u201ePasolini Pop\u201c), elektronische Musik, Musikgrafiken, Klaviersonaten, zahlreiche Klavierst\u00fccke und Stilkopien, der 5-<\/span><span class=\"Textk\u00f6rper-C-C1\">teilige Musica Matutina Zyklus f\u00fcr Streicher sowie die beiden Tanztheater \u201eNeun europ\u00e4ische Abges\u00e4nge&#8221; und \u201eAbfahrende Schiffe&#8221; wurden und werden von der Stuttgarter edition weissenburg, dem Ricordi-Verlag Berlin (Universal Music), der Musica Mundana Ernen\/Schweiz sowie dem Tre Media\u00a0<\/span><span class=\"Textk\u00f6rper-C-C1\">Verlag Karlsruhe betreut.<\/span><\/p>\n<p class=\"Textk\u00f6rper-P-P0\">Eine enge Bindung besteht zum Stuttgarter <u>Matutina-Ensemble<\/u>, hier insbesondere \u00a0zu dem russischen Pianisten <u>Evgeny Alexeev<\/u>, der fast alle Klavierwerke des Komponisten auf Tontr\u00e4ger eingespielt hat.<\/p>\n<p class=\"Textk\u00f6rper-P-P0\">Zu den Kompositionen von Reinhold Urmetzer gibt es traditionell notierte Notenausgaben, die in der Stuttgarter edition weissenburg sowie im Schweizer Verlag Musica Mundana erh\u00e4ltlich sind. Die Musik ist allgemein im Internet auf Plattformen wie Spotify, Apple Music etc. zu finden. Signierte und zahlenm\u00e4\u00dfig begrenzte CDs oder auch LPs f\u00fcr Sammler k\u00f6nnen<span class=\"Apple-converted-space\">\u00a0 <\/span>in der edition weissenburg erworben werden<\/p>\n<p class=\"Textk\u00f6rper-P-P0\">\u00c4sthetisches Vorbild ist dem K\u00fcnstler die Denkweise von <strong>Umberto Eco<\/strong>. Ausgehend von einer popul\u00e4ren Kunst-Gattung, etwa Minimal Music oder dissonanzlose modale Harmonik, baut er Erinnerungen von fr\u00fcher, virtuose Kunsteffekte, Zitate, auch Br\u00fcche und Stilmittel der Neuen Musik mit ein und f\u00fcgt alles zu einem bunten postmodernen Gesamten zusammen. Neo-Klassik oder auch RetroClassic nennt er diesen seinen neuen E-Musik-Stil. Andere sprechen von \u201ePost-Avantgarde\u201c oder auch \u201ePost-Moderne\u201c.<\/p>\n<p class=\"Textk\u00f6rper-P-P0\"><span class=\"Textk\u00f6rper-C-C1\">Reinhold Urmetzer lebt in Stuttgart. Arbeitsaufenthalte f\u00fchren ihn jeweils im Herbst\/Winter nach Ostende\/Belgien sowie im Fr\u00fchjahr in die N\u00e4he von Leiria\/Portugal. <\/span><\/p>\n<p class=\"Textk\u00f6rper-P-P0\"><span class=\"Textk\u00f6rper-C-C1\">Zur Zeit arbeitet er a<\/span>n einem neuen Tanztheater f\u00fcr das Stuttgarter Matutina Ensemble mit dem Titel \u201eDido K\u00f6nigin\u201c(Dido Regina). Nat\u00e1Lia B\u00e1lint (Mezzosopran) singt die Hauptrolle. Frazan Adil Kotwal \u00a0(Bariton) ist f\u00fcr die Rolle des Aeneas vorgesehen.<\/p>\n<hr \/>\n<p><b>Aktuelle Neuerscheinung<\/b>: <u>On Seduction (2)<\/u>, 15 Essays in englischer Sprache. \u00dcbersetzung: N.Andrew Walsh. Erschienen in der edition weissenburg Stuttgart. Erh\u00e4ltlich im Buchhandel und Internet sowie in der edition weissenburg.<\/p>\n<p>a) ISBN 978-3-7482-6901-4 Hardcover\u00a0mit B\u00e4ndchen 24,99\u20ac<br \/>\n<span style=\"font-size: inherit;\">b) Paperback 978-3-7482-6900-7\u00a014,55\u20ac<br \/>\n<\/span>c) E-Book 977-3-7482-6902-1 \u00a09,99\u20ac<span class=\"Apple-converted-space\">\u00a0<\/span><\/p>\n<p>Demn\u00e4chst: <u>On Seduction (3)<\/u><\/p>\n<p><u>Die Spur auf der Fl\u00e4che <\/u>&#8211; Der Komponist Wolfgang Rihm im Gespr\u00e4ch (2019)<br \/>\n<span style=\"font-size: inherit;\">Musica Mundana Musikverlag GmbH , Paperback, 19,50\u20ac &#8211; ISBN 978-3-9524974-0-1<\/span><\/p>\n<p><span style=\"font-size: inherit;\">CD <\/span><span style=\"font-size: inherit;\"><span style=\"text-decoration: underline;\">There was a Time<\/span><\/span><span style=\"font-size: inherit;\"> (2023) Frazan Adil Kotwal (Bariton) singt Lieder von Reinhold Urmetzer ( in Deutsch und Englisch). Begleitung: Matutina Ensemble Stuttgart<\/span><\/p>\n<p><span style=\"font-size: inherit;\">Signierte und limitierte \u00a0<\/span><span style=\"font-size: inherit;\">Auflage <\/span><\/p>\n<p>CD <u>Songs of Love and Night<\/u> Nat\u00e1Lia B\u00e1lint ( Mezzosooran), \u00c1lvaro Tinjac\u00e1-Bedoya (Kontra-Tenor) und das Matutina Ensemble Stuttgart<br \/>\n<span style=\"font-size: inherit;\">Signierte und limitierte \u00a0<\/span><span style=\"font-size: inherit;\">Auflage(vergriffen) <\/span><\/p>\n<p>CD <u>Musica Matutina<\/u> f\u00fcr 4, 3 2 und einen Streicher (<span style=\"font-size: inherit;\">Pierrot-Quartett Stuttgart)<\/span><\/p>\n<p>CD <u>Maienzeit<\/u> &#8211; Lieder der Renaissance in neuer Bearbeitung<br \/>\n<span style=\"font-size: inherit;\">Enni Gorbonosova, Sopran, Evgeny Alexeev, Klavier (edition weissenburg)<\/span><\/p>\n<hr \/>\n","protected":false},"excerpt":{"rendered":"<p>Zur Person: Reinhold Urmetzer Geboren am 13.5.1950 in Saarbr\u00fccken mit deutsch- franz\u00f6sischem Hintergrund, arbeitet an der Schnittstelle von Musik, Literatur und Philosophie. Er studierte Musik, Germanistik und Philosophie in Saarbr\u00fccken, Stuttgart und T\u00fcbingen, u. a. Meisterklasse Komposition bei Erhard Karkoschka und Philosophie als Hauptfach bei Karl Otto Apel. Er war Fl\u00f6tist im Musikhochschulorchester Saarbr\u00fccken, spielte dort auch vier Jahre lang&#46;&#46;&#46;<\/p>\n","protected":false},"author":1,"featured_media":0,"parent":0,"menu_order":0,"comment_status":"closed","ping_status":"closed","template":"","meta":{"spay_email":"","footnotes":""},"class_list":["post-5446","page","type-page","status-publish","hentry"],"jetpack_shortlink":"https:\/\/wp.me\/P4WFkG-1pQ","jetpack_sharing_enabled":true,"_links":{"self":[{"href":"https:\/\/edition-weissenburg.de\/blog\/index.php?rest_route=\/wp\/v2\/pages\/5446"}],"collection":[{"href":"https:\/\/edition-weissenburg.de\/blog\/index.php?rest_route=\/wp\/v2\/pages"}],"about":[{"href":"https:\/\/edition-weissenburg.de\/blog\/index.php?rest_route=\/wp\/v2\/types\/page"}],"author":[{"embeddable":true,"href":"https:\/\/edition-weissenburg.de\/blog\/index.php?rest_route=\/wp\/v2\/users\/1"}],"replies":[{"embeddable":true,"href":"https:\/\/edition-weissenburg.de\/blog\/index.php?rest_route=%2Fwp%2Fv2%2Fcomments&post=5446"}],"version-history":[{"count":119,"href":"https:\/\/edition-weissenburg.de\/blog\/index.php?rest_route=\/wp\/v2\/pages\/5446\/revisions"}],"predecessor-version":[{"id":13477,"href":"https:\/\/edition-weissenburg.de\/blog\/index.php?rest_route=\/wp\/v2\/pages\/5446\/revisions\/13477"}],"wp:attachment":[{"href":"https:\/\/edition-weissenburg.de\/blog\/index.php?rest_route=%2Fwp%2Fv2%2Fmedia&parent=5446"}],"curies":[{"name":"wp","href":"https:\/\/api.w.org\/{rel}","templated":true}]}}