{"id":5452,"date":"2016-04-11T09:32:31","date_gmt":"2016-04-11T09:32:31","guid":{"rendered":"http:\/\/edition-weissenburg.de\/blog\/?page_id=5452"},"modified":"2016-04-11T12:15:30","modified_gmt":"2016-04-11T12:15:30","slug":"interviews","status":"publish","type":"page","link":"https:\/\/edition-weissenburg.de\/blog\/?page_id=5452&lang=de","title":{"rendered":"Interviews"},"content":{"rendered":"<p><strong>Interviews mit Reinhold Urmetzer:<\/strong><\/p>\n<ul>\n<li><a href=\"http:\/\/edition-weissenburg.de\/blog\/?page_id=5449&amp;lang=de\">Europ\u00e4isch-amerikanische Begegnungen<\/a><\/li>\n<li><a href=\"http:\/\/edition-weissenburg.de\/blog\/?page_id=5456&amp;lang=de\">Den Garten bestellen<\/a><\/li>\n<li><a href=\"http:\/\/edition-weissenburg.de\/blog\/?page_id=5458&amp;lang=de\">Tanzen und mit der Sinnlosigkeit spielen<\/a><\/li>\n<li><a href=\"http:\/\/edition-weissenburg.de\/blog\/?page_id=5460&amp;lang=de\">\u00dcber die Sinnfrage<\/a><\/li>\n<li><a href=\"http:\/\/edition-weissenburg.de\/blog\/?page_id=5463&amp;lang=de\">Landschaft mit Martyrium der heiligen Katharina<\/a><\/li>\n<li><a href=\"http:\/\/edition-weissenburg.de\/blog\/?page_id=5465&amp;lang=de\">Nachdenken \u00fcber Popmusik<\/a><\/li>\n<\/ul>\n","protected":false},"excerpt":{"rendered":"<p>Interviews mit Reinhold Urmetzer: Europ\u00e4isch-amerikanische Begegnungen Den Garten bestellen Tanzen und mit der Sinnlosigkeit spielen \u00dcber die Sinnfrage Landschaft mit Martyrium der heiligen Katharina Nachdenken \u00fcber Popmusik<\/p>\n","protected":false},"author":1,"featured_media":0,"parent":5446,"menu_order":0,"comment_status":"closed","ping_status":"closed","template":"","meta":{"spay_email":"","footnotes":""},"class_list":["post-5452","page","type-page","status-publish","hentry"],"jetpack_shortlink":"https:\/\/wp.me\/P4WFkG-1pW","jetpack_sharing_enabled":true,"_links":{"self":[{"href":"https:\/\/edition-weissenburg.de\/blog\/index.php?rest_route=\/wp\/v2\/pages\/5452"}],"collection":[{"href":"https:\/\/edition-weissenburg.de\/blog\/index.php?rest_route=\/wp\/v2\/pages"}],"about":[{"href":"https:\/\/edition-weissenburg.de\/blog\/index.php?rest_route=\/wp\/v2\/types\/page"}],"author":[{"embeddable":true,"href":"https:\/\/edition-weissenburg.de\/blog\/index.php?rest_route=\/wp\/v2\/users\/1"}],"replies":[{"embeddable":true,"href":"https:\/\/edition-weissenburg.de\/blog\/index.php?rest_route=%2Fwp%2Fv2%2Fcomments&post=5452"}],"version-history":[{"count":2,"href":"https:\/\/edition-weissenburg.de\/blog\/index.php?rest_route=\/wp\/v2\/pages\/5452\/revisions"}],"predecessor-version":[{"id":5530,"href":"https:\/\/edition-weissenburg.de\/blog\/index.php?rest_route=\/wp\/v2\/pages\/5452\/revisions\/5530"}],"up":[{"embeddable":true,"href":"https:\/\/edition-weissenburg.de\/blog\/index.php?rest_route=\/wp\/v2\/pages\/5446"}],"wp:attachment":[{"href":"https:\/\/edition-weissenburg.de\/blog\/index.php?rest_route=%2Fwp%2Fv2%2Fmedia&parent=5452"}],"curies":[{"name":"wp","href":"https:\/\/api.w.org\/{rel}","templated":true}]}}