{"id":5460,"date":"2016-04-11T09:36:25","date_gmt":"2016-04-11T09:36:25","guid":{"rendered":"http:\/\/edition-weissenburg.de\/blog\/?page_id=5460"},"modified":"2020-11-03T07:28:07","modified_gmt":"2020-11-03T07:28:07","slug":"interview-ueber-die-sinnfrage","status":"publish","type":"page","link":"https:\/\/edition-weissenburg.de\/blog\/?page_id=5460&lang=de","title":{"rendered":"\u00dcber die Sinnfrage"},"content":{"rendered":"<h5><strong><a href=\"http:\/\/edition-weissenburg.de\/blog\/?page_id=5452&amp;lang=de\">\u21d0<\/a><\/strong><\/h5>\n<h5 class=\"\u00dcberschrift-3-P\"><span class=\"\u00dcberschrift-3-C\">Ein Gespr\u00e4ch mit Reinhold Urmetzer<\/span><\/h5>\n<p class=\"Textk\u00f6rper-P-P0\"><span class=\"Textk\u00f6rper-C-C1\"><strong>Frage:<\/strong><\/span> <span class=\"Textk\u00f6rper-C-C2\"><em>Ein Buch \u00fcber den Sinn \u2013<\/em><\/span><\/p>\n<p class=\"Textk\u00f6rper-P-P0\"><span class=\"Textk\u00f6rper-C-C1\"><strong>Antwort:<\/strong><\/span><span class=\"Textk\u00f6rper-C-C0\"> Es ist kein Buch \u00fcber den Sinn des Lebens. Eher ein Nachdenken und Forschen \u00fcber die Worte \u201eSinn\u201c und \u201eLeben\u201c, auch \u201eGesellschaft\u201c und was die Philosophiegeschichte dazu zu sagen hat. Die Frage nach dem Sinn ist zwar eine Frage, welche die Jugend besonders gerne stellt. Aber die Antwort betrifft eigentlich alle.<\/span><\/p>\n<p class=\"Textk\u00f6rper-P-P0\"><span class=\"Textk\u00f6rper-C-C2\"><em>Was meinen Sie mit Philosophiegeschichte?<\/em><\/span><\/p>\n<p class=\"Textk\u00f6rper-P-P0\"><span class=\"Textk\u00f6rper-C-C0\">Ich habe <\/span><span class=\"Textk\u00f6rper-C-C0\"><a href=\"https:\/\/de.wikipedia.org\/wiki\/Platon\">Platon<\/a><\/span><span class=\"Textk\u00f6rper-C-C0\"> und die hellenistische Sp\u00e4tantike ausgesucht, auch Autoren aus der Zeit der Verwirrung und Konfusion am Ende des r\u00f6mischen Reiches im 2.und 3. Jahrhundert mit einbezogen, als das Christentum seine Zersetzungsarbeit bereits erfolgreich gestartet hatte. Eine Zeit, die tats\u00e4chlich sehr unserer Gegenwart gleicht. Ich nenne nur die Stichworte Machtmissbrauch, wirtschaftlicher und weltanschaulicher Imperialismus, \u201eAlles geht\u201c und die Orientierungslosigkeit, Luxus, Konsum, Vergn\u00fcgen\u2026<\/span><\/p>\n<p class=\"Textk\u00f6rper-P-P0\"><span class=\"Textk\u00f6rper-C-C0\">Daran schlie\u00dft sich das Kapitel \u201eHedonismus\u201c an, ausgehend von den griechischen Autoren \u00fcber <\/span><span class=\"Textk\u00f6rper-C-C0\"><a href=\"https:\/\/de.wikipedia.org\/wiki\/Sigmund_Freud\">Freud<\/a><\/span><span class=\"Textk\u00f6rper-C-C0\"> und <\/span><span class=\"Textk\u00f6rper-C-C0\"><a href=\"https:\/\/de.wikipedia.org\/wiki\/Wilhelm_Reich\">Wilhelm Reich<\/a><\/span><span class=\"Textk\u00f6rper-C-C0\"> bis hin zu den Hippies der 70er Jahre unter Einschluss der Gegenwart. Auch ob die Lust, insbesondere die sexuelle Lust, den Sinn des Lebens ausmachen kann.<\/span><\/p>\n<p class=\"Textk\u00f6rper-P-P0\"><span class=\"Textk\u00f6rper-C-C0\">Ein Exkurs f\u00fchrt dann zum Pluriversum, ein Begriff, mit dem ich im eher positiven Sinn die Vielfalt unserer Zeit im Denken, Forschen, in der Moral, vor allem aber auch in den extrem unterschiedlichen und auch gegens\u00e4tzlichen Lebensformen und Lebensstilen der Gegenwart verbinde. Ein l\u00e4ngeres Lese-<\/span><span class=\"Textk\u00f6rper-C-C0\"><wbr \/><\/span><span class=\"Textk\u00f6rper-C-C0\">Kapitel besch\u00e4ftigt sich mit <\/span><span class=\"Textk\u00f6rper-C-C0\"><a href=\"https:\/\/de.wikipedia.org\/wiki\/Blaise_Pascal\">Pascal<\/a><\/span><span class=\"Textk\u00f6rper-C-C0\"> und seiner Vorstellung vom Menschen. <\/span><span class=\"Textk\u00f6rper-C-C0\"><a href=\"https:\/\/de.wikipedia.org\/wiki\/Martin_Heidegger\">Heidegger<\/a><\/span><span class=\"Textk\u00f6rper-C-C0\">, <\/span><span class=\"Textk\u00f6rper-C-C0\"><a href=\"https:\/\/de.wikipedia.org\/wiki\/Jean-Paul_Sartre\">Sartre<\/a><\/span><span class=\"Textk\u00f6rper-C-C0\"> und <\/span><span class=\"Textk\u00f6rper-C-C0\"><a href=\"https:\/\/de.wikipedia.org\/wiki\/Albert_Camus\">Camus<\/a><\/span><span class=\"Textk\u00f6rper-C-C0\"> werden ebenfalls angesprochen.<\/span><\/p>\n<p class=\"Textk\u00f6rper-P-P0\"><span class=\"Textk\u00f6rper-C-C2\"><em>Also eine Wanderung durch die Philosophiegeschichte.<\/em><\/span><\/p>\n<p class=\"Textk\u00f6rper-P-P0\"><span class=\"Textk\u00f6rper-C-C0\">Im Gegenteil. Das Buch will kein trockenes Geschichtsbuch sein. Es wendet sich nicht an Fachleute, sondern eher an interessierte Laien. Auch an junge Menschen, die philosophieren m\u00f6chten. Denn so ist das Buch ja entstanden: als Antwort meinerseits auf eine Frage aus diesem Kreis. Ob dabei auch die Frage nach dem Sinn des Lebens beantwortet wird, mag der Leser selber entscheiden<\/span><\/p>\n<p class=\"Textk\u00f6rper-P-P0\"><span class=\"Textk\u00f6rper-C-C2\"><em>Sie sind als Saar-Franzose, wie Sie es nennen, mit der franz\u00f6sischen Lebenswelt bestens vertraut. Ist das Buch wieder im Stil der Franzosen geschrieben?<\/em><\/span><\/p>\n<p class=\"Textk\u00f6rper-P-P0\"><span class=\"Textk\u00f6rper-C-C0\">Nein. Diesmal gibt es leider, muss ich wohl sagen, nur wenige \u201edelirierende\u201c oder dekonstruktive Stellen. Das Buch ist durch und durch journalistisch geschrieben, nennen wir es nun einmal so, ohne jedoch gleich ins Pseudo-<\/span><span class=\"Textk\u00f6rper-C-C0\"><wbr \/><\/span><span class=\"Textk\u00f6rper-C-C0\">Rationalistische abzugleiten. Das hei\u00dft es gibt auch literarisch-<\/span><span class=\"Textk\u00f6rper-C-C0\"><wbr \/><\/span><span class=\"Textk\u00f6rper-C-C0\">unterhaltende Seiten.<\/span><\/p>\n<p class=\"Textk\u00f6rper-P-P0\"><span class=\"Textk\u00f6rper-C-C0\">Gr\u00f6\u00dfere Extravaganzen, was den Stil betrifft, wird man in meinem n\u00e4chsten Buch vorfinden k\u00f6nnen. Es hei\u00dft \u201e<\/span><span class=\"Textk\u00f6rper-C-C0\"><a href=\"http:\/\/edition-weissenburg.de\/blog\/?page_id=5552&amp;lang=de\">Landschaft mit Martyrium der Heiligen Katharina<\/a><\/span><span class=\"Textk\u00f6rper-C-C0\">\u201c, hat mit <\/span><span class=\"Textk\u00f6rper-C-C0\"><a href=\"https:\/\/de.wikipedia.org\/wiki\/Maurice_Blanchot\">Maurice Blanchot<\/a><\/span><span class=\"Textk\u00f6rper-C-C0\">, auch mit der Emanzipation von Mann und Frau zu tun und ist schon vor etwa zwanzig Jahren geschrieben worden.<\/span><\/p>\n<p class=\"Textk\u00f6rper-P-P0\"><span class=\"Textk\u00f6rper-C-C2\"><em>Wann wird es erscheinen?<\/em><\/span><\/p>\n<p class=\"Textk\u00f6rper-P-P0\"><span class=\"Textk\u00f6rper-C-C0\">Ich wei\u00df es noch nicht. Das Layout ist bereits in Arbeit. Aber ich will noch einige Grafiken oder Zeichnungen einbauen lassen. Au\u00dferdem sind wieder etliche Seiten des Buches aufgespalten in zwei oft gegens\u00e4tzliche und heterogene Teile.<\/span><\/p>\n<p class=\"Textk\u00f6rper-P-P0\"><span class=\"Textk\u00f6rper-C-C2\"><em>Sie beziehen sich an einer Stelle des neuen Buches auf <\/em><\/span><span class=\"Textk\u00f6rper-C-C2\"><em><a href=\"https:\/\/de.wikipedia.org\/wiki\/Michel_de_Montaigne\">Montaigne<\/a><\/em><\/span><span class=\"Textk\u00f6rper-C-C2\"><em>.<\/em><\/span><\/p>\n<p class=\"Textk\u00f6rper-P-P0\"><span class=\"Textk\u00f6rper-C-C0\">Ja. Ein Vorbild vielleicht in dem Sinne, dass ich Zitate, Abschweifungen, pers\u00f6nliche Erfahrungen und Lebenspraxis in das Ganze einstreue. \u00dcberhaupt mag ich das Kreuz-<\/span><span class=\"Textk\u00f6rper-C-C0\"><wbr \/><\/span><span class=\"Textk\u00f6rper-C-C0\">und-<\/span><span class=\"Textk\u00f6rper-C-C0\"><wbr \/><\/span><span class=\"Textk\u00f6rper-C-C0\">Quer-<\/span><span class=\"Textk\u00f6rper-C-C0\"><wbr \/><\/span><span class=\"Textk\u00f6rper-C-C0\">Denken bei Montaigne gerne.<\/span><\/p>\n<p class=\"Textk\u00f6rper-P-P0\"><span class=\"Textk\u00f6rper-C-C2\"><em>\u201e\u00dcber die Sinnfrage\u201c endet mit sehr eigenwilligen Literaturhinweisen.<\/em><\/span><\/p>\n<p class=\"Textk\u00f6rper-P-P0\"><span class=\"Textk\u00f6rper-C-C0\">Warum eigenwillig?<\/span><\/p>\n<p class=\"Textk\u00f6rper-P-P0\"><span class=\"Textk\u00f6rper-C-C2\"><em>Jeder Buchvorschlag wird fast mit einem Werturteil abgeschlossen.<\/em><\/span><\/p>\n<p class=\"Textk\u00f6rper-P-P0\"><span class=\"Textk\u00f6rper-C-C0\">Das stimmt. Es gibt zu jedem dieser Lese-<\/span><span class=\"Textk\u00f6rper-C-C0\"><wbr \/><\/span><span class=\"Textk\u00f6rper-C-C0\">Tipps eine kurz gefasste und sehr subjektiv-<\/span><span class=\"Textk\u00f6rper-C-C0\"><wbr \/><\/span><span class=\"Textk\u00f6rper-C-C0\">wertende Information \u00fcber das Buch, das zu studieren sich auf jeden Fall lohnt. Sonst h\u00e4tte ich es nicht ausgew\u00e4hlt oder mich darauf bezogen. Ich baue eine kleine Br\u00fccke zum Verst\u00e4ndnis dieser Werke und inwiefern sie alle noch heute aktuell sind.<\/span><\/p>\n<p class=\"Textk\u00f6rper-P-P0\"><span class=\"Textk\u00f6rper-C-C0\">Die Spannweite reicht von Platon \u00fcber Lukian und Sextus Empirikus bis zu <\/span><span class=\"Textk\u00f6rper-C-C0\"><a href=\"https:\/\/de.wikipedia.org\/wiki\/Herbert_Marcuse\">Herbert Marcuse<\/a><\/span><span class=\"Textk\u00f6rper-C-C0\"> und den psychologischen Schulen der Gegenwart, die alle einem Leben und Gl\u00fcck und Sinn beibringen m\u00f6chten.<\/span><\/p>\n<p class=\"Textk\u00f6rper-P-P0\"><span class=\"Textk\u00f6rper-C-C2\"><em>Das h\u00f6rt sich nach einer Abwertung an.<\/em><\/span><\/p>\n<p class=\"Textk\u00f6rper-P-P0\"><span class=\"Textk\u00f6rper-C-C0\">Nein. Ich bleibe eher neutral. Fakt ist jedoch, dass sich kein Zeitgenosse unserer westlichen Welt den Einfl\u00fcsterungen der neuen Psycho-<\/span><span class=\"Textk\u00f6rper-C-C0\"><wbr \/><\/span><span class=\"Textk\u00f6rper-C-C0\">Gurus via Werbung und Internet entziehen kann. Nur wissen es die meisten nicht, wie sie beeinflusst werden, um es jetzt einmal h\u00f6flich auszudr\u00fccken.<\/span><\/p>\n<p class=\"Textk\u00f6rper-P-P0\"><span class=\"Textk\u00f6rper-C-C0\">Sie merken, wir sind schon wieder bei meinem Lieblingsthema Fremdsteuerung und Manipulation versus Selbstregulierung angekommen.<\/span><\/p>\n<p class=\"Textk\u00f6rper-P-P0\"><span class=\"Textk\u00f6rper-C-C2\"><em>Ein eher d\u00fcsteres Kapitel im Buch handelt von der Fremdheit.<\/em><\/span><\/p>\n<p class=\"Textk\u00f6rper-P-P0\"><span class=\"Textk\u00f6rper-C-C0\">Warum d\u00fcster? Dass wir uns alle fremd sind selbst in der gr\u00f6\u00dften N\u00e4he, das d\u00fcrfte doch keine neue Erkenntnis sein. N\u00e4he, menschliche N\u00e4he, ist eine Fiktion. Das Ich ist ein anderer, sagt schon Rimbaud. Doch das macht unser Leben doch auch spannend und abwechslungsreich.<\/span><\/p>\n<p class=\"Textk\u00f6rper-P-P0\"><span class=\"Textk\u00f6rper-C-C2\"><em>Vor allem wenn man im Pluriversum lebt, wie Sie zu sagen pflegen.<\/em><\/span><\/p>\n<p class=\"Textk\u00f6rper-P-P0\"><span class=\"Textk\u00f6rper-C-C0\">Genau. Inmitten von Gegens\u00e4tzen, \u00dcberraschungen, Ungeheuerlichkeiten. Wir leben in einem Chaos, auch wenn die Dogmatiker der Wissenschaft und die Sozial-<\/span><span class=\"Textk\u00f6rper-C-C0\"><wbr \/><\/span><span class=\"Textk\u00f6rper-C-C0\">Ingenieure und die Politiker immer wieder etwas anderes behaupten m\u00fcssen.<\/span><\/p>\n<p class=\"Textk\u00f6rper-P-P0\"><span class=\"Textk\u00f6rper-C-C0\">Unheil, Nichtwissen und Katastrophen brechen durch neue Hintert\u00fcrchen und trotz aller Gegenbewegungen dennoch in unsere wohl geordnete Welt immer wieder herein. Sehr heftig sogar. Nur dann sp\u00fcren wir es.<\/span><\/p>\n<p class=\"Textk\u00f6rper-P-P0\"><span class=\"Textk\u00f6rper-C-C2\"><em>Das klingt jetzt sehr pessimistisch.<\/em><\/span><\/p>\n<p class=\"Textk\u00f6rper-P-P0\"><span class=\"Textk\u00f6rper-C-C0\">Nein. Das Chaos ist die Summe aller M\u00f6glichkeiten, der guten wie der schlechten. Es entfesselt Kreativit\u00e4t, Fortschritt manchmal und in Anf\u00fchrungszeichen, auf jeden Fall auch Abwechslung und \u00c4nderung. All das ist Leben. Und in diesem Taumel mit zu schwimmen hei\u00dft: lebendig sein, lebendig bleiben. Mit schwimmen zu m\u00fcssen kann jedoch auch Zwang und Unfreiheit, Leistungsdruck, \u00dcberforderung bedeuten. Die Grenzen des Wachstums sind schon lange und in vieler Hinsicht erreicht, ja \u00fcberschritten. Unser Wirtschaftssystem befindet sich m.E. tats\u00e4chlich in einem Zustand von Delirium und Taumel.<\/span><\/p>\n<p class=\"Textk\u00f6rper-P-P0\"><span class=\"Textk\u00f6rper-C-C2\"><em>An was arbeiten Sie gerade?<\/em><\/span><\/p>\n<p class=\"Textk\u00f6rper-P-P0\"><span class=\"Textk\u00f6rper-C-C0\">Erziehung besch\u00e4ftigt mich. Konfusion und Chaos herrschen auch in diesem Bereich. Es gehen mir die vielen geplagten und leistungsgedr\u00fcckten Kinder durch den Kopf. Als h\u00e4tte es nie einen <\/span><span class=\"Textk\u00f6rper-C-C0\"><a href=\"https:\/\/de.wikipedia.org\/wiki\/Alexander_Sutherland_Neill\">Alexander Neill<\/a><\/span><span class=\"Textk\u00f6rper-C-C0\"> oder eine <\/span><span class=\"Textk\u00f6rper-C-C0\"><a href=\"https:\/\/de.wikipedia.org\/wiki\/Maria_Montessori\">Maria Montessori<\/a><\/span><span class=\"Textk\u00f6rper-C-C0\"> gegeben. Alles ist wieder voll von Regeln, Geboten und Vorschriften in der kindlichen Welt. Von Liebe und Geduld redet niemand mehr. <\/span><\/p>\n<p class=\"Textk\u00f6rper-P-P0\"><span class=\"Textk\u00f6rper-C-C2\">Ein Kapitel dieses Erziehungsbuches wird sich mit \u201eFeel\u201c, einem Popsong von <\/span><span class=\"Textk\u00f6rper-C-C2\"><a href=\"https:\/\/de.wikipedia.org\/wiki\/Robbie_Williams\">Robbie Williams<\/a><\/span><span class=\"Textk\u00f6rper-C-C2\">, besch\u00e4ftigen. Auch hier geht es um Sinn in Form von leben k\u00f6nnen, leben lernen, lebendig sein, Lust, Liebe. Ich greife die Wilhelm Reich-<\/span><span class=\"Textk\u00f6rper-C-C2\"><wbr \/><\/span><span class=\"Textk\u00f6rper-C-C2\">Thematik wieder auf, ohne dass ich zu einem Reichianer werden w\u00fcrde.<\/span><\/p>\n<p class=\"Textk\u00f6rper-P-P0\"><span class=\"Textk\u00f6rper-C-C2\"><em>Wo kann man das <\/em><\/span><span class=\"Textk\u00f6rper-C-C2\"><em><a href=\"http:\/\/edition-weissenburg.de\/blog\/?page_id=5550&amp;lang=de\">Sinn-<\/a><\/em><\/span><span class=\"Textk\u00f6rper-C-C2\"><em><a href=\"http:\/\/edition-weissenburg.de\/blog\/?page_id=5550&amp;lang=de\"><wbr \/><\/a><\/em><\/span><span class=\"Textk\u00f6rper-C-C2\"><em><a href=\"http:\/\/edition-weissenburg.de\/blog\/?page_id=5550&amp;lang=de\">Buch<\/a><\/em><\/span><span class=\"Textk\u00f6rper-C-C2\"><em> kaufen?<\/em><\/span><\/p>\n<p class=\"Textk\u00f6rper-P-P0\"><span class=\"Textk\u00f6rper-C-C0\">Es ist in allen Buchhandlungen unter der ISBN-<\/span><span class=\"Textk\u00f6rper-C-C0\"><wbr \/><\/span><span class=\"Textk\u00f6rper-C-C0\">Nummer 978-<\/span><span class=\"Textk\u00f6rper-C-C0\"><wbr \/><\/span><span class=\"Textk\u00f6rper-C-C0\">3-<\/span><span class=\"Textk\u00f6rper-C-C0\"><wbr \/><\/span><span class=\"Textk\u00f6rper-C-C0\">00-<\/span><span class=\"Textk\u00f6rper-C-C0\"><wbr \/><\/span><span class=\"Textk\u00f6rper-C-C0\">034547-<\/span><span class=\"Textk\u00f6rper-C-C0\"><wbr \/><\/span><span class=\"Textk\u00f6rper-C-C0\">0 zum Preis von 14,50 Euro erh\u00e4ltlich. Eine Direkt-<\/span><span class=\"Textk\u00f6rper-C-C0\"><wbr \/><\/span><span class=\"Textk\u00f6rper-C-C0\">Bestellung beim Verlag edition weissenburg wird zus\u00e4tzlich noch mit einem Autogramm von mir belohnt.<\/span><\/p>\n<hr \/>\n<p class=\"Textk\u00f6rper-P\" style=\"text-align: center;\"><span class=\"Textk\u00f6rper-C-C0\">Das Gespr\u00e4ch f\u00fchrte Alexei Chibakov<\/span><\/p>\n<p class=\"Normal-P-P0\" style=\"text-align: center;\"><span class=\"Normal-C\">*<\/span><\/p>\n<p class=\"Normal-P-P0\" style=\"text-align: center;\"><span class=\"Normal-C-C0\"><strong>Reinhold Urmetzer, \u201e\u00dcber die Sinnfrage\u201c 14,50 \u20ac<br \/>\nISBN 978-<\/strong><\/span><span class=\"Normal-C-C0\"><strong><wbr \/><\/strong><\/span><span class=\"Normal-C-C0\"><strong>3-<\/strong><\/span><span class=\"Normal-C-C0\"><strong><wbr \/><\/strong><\/span><span class=\"Normal-C-C0\"><strong>00-<\/strong><\/span><span class=\"Normal-C-C0\"><strong><wbr \/><\/strong><\/span><span class=\"Normal-C-C0\"><strong>034547-<\/strong><\/span><span class=\"Normal-C-C0\"><strong><wbr \/><\/strong><\/span><span class=\"Normal-C-C0\"><strong>0<\/strong><\/span><\/p>\n","protected":false},"excerpt":{"rendered":"<p>\u21d0 Ein Gespr\u00e4ch mit Reinhold Urmetzer Frage: Ein Buch \u00fcber den Sinn \u2013 Antwort: Es ist kein Buch \u00fcber den Sinn des Lebens. Eher ein Nachdenken und Forschen \u00fcber die Worte \u201eSinn\u201c und \u201eLeben\u201c, auch \u201eGesellschaft\u201c und was die Philosophiegeschichte dazu zu sagen hat. Die Frage nach dem Sinn ist zwar eine Frage, welche die Jugend besonders gerne stellt. Aber&#46;&#46;&#46;<\/p>\n","protected":false},"author":1,"featured_media":0,"parent":5452,"menu_order":0,"comment_status":"closed","ping_status":"closed","template":"","meta":{"spay_email":"","footnotes":""},"class_list":["post-5460","page","type-page","status-publish","hentry"],"jetpack_shortlink":"https:\/\/wp.me\/P4WFkG-1q4","jetpack_sharing_enabled":true,"_links":{"self":[{"href":"https:\/\/edition-weissenburg.de\/blog\/index.php?rest_route=\/wp\/v2\/pages\/5460"}],"collection":[{"href":"https:\/\/edition-weissenburg.de\/blog\/index.php?rest_route=\/wp\/v2\/pages"}],"about":[{"href":"https:\/\/edition-weissenburg.de\/blog\/index.php?rest_route=\/wp\/v2\/types\/page"}],"author":[{"embeddable":true,"href":"https:\/\/edition-weissenburg.de\/blog\/index.php?rest_route=\/wp\/v2\/users\/1"}],"replies":[{"embeddable":true,"href":"https:\/\/edition-weissenburg.de\/blog\/index.php?rest_route=%2Fwp%2Fv2%2Fcomments&post=5460"}],"version-history":[{"count":13,"href":"https:\/\/edition-weissenburg.de\/blog\/index.php?rest_route=\/wp\/v2\/pages\/5460\/revisions"}],"predecessor-version":[{"id":10475,"href":"https:\/\/edition-weissenburg.de\/blog\/index.php?rest_route=\/wp\/v2\/pages\/5460\/revisions\/10475"}],"up":[{"embeddable":true,"href":"https:\/\/edition-weissenburg.de\/blog\/index.php?rest_route=\/wp\/v2\/pages\/5452"}],"wp:attachment":[{"href":"https:\/\/edition-weissenburg.de\/blog\/index.php?rest_route=%2Fwp%2Fv2%2Fmedia&parent=5460"}],"curies":[{"name":"wp","href":"https:\/\/api.w.org\/{rel}","templated":true}]}}