{"id":5462,"date":"2016-04-11T09:44:29","date_gmt":"2016-04-11T09:44:29","guid":{"rendered":"http:\/\/edition-weissenburg.de\/blog\/?page_id=5462"},"modified":"2024-05-27T13:56:55","modified_gmt":"2024-05-27T13:56:55","slug":"impressum-kontakt","status":"publish","type":"page","link":"https:\/\/edition-weissenburg.de\/blog\/?page_id=5462&lang=de","title":{"rendered":"Impressum, Datenschutz &#038; AGB"},"content":{"rendered":"<h4><a href=\"http:\/\/edition-weissenburg.de\/blog\/?page_id=8486&amp;lang=de\">Datenschutzerkl\u00e4rung<\/a><\/h4>\n<h4><strong>Impressum<\/strong><\/h4>\n<p><strong>EDITION WEISSENBURG<\/strong><\/p>\n<p>gegr\u00fcndet im Jahr 2000 von Joachim Hase und Reinhold Urmetzer in Saarbr\u00fccken<\/p>\n<p><span class=\"Normal-C\"><strong>Matutina Music (mm)<\/strong><\/span><span class=\"Normal-C\">: Reinhold Urmetzer<\/span><\/p>\n<p><b>Tonmeister und Matutina-Studio, Produzent: <\/b>Igor Stepanov<\/p>\n<p><span class=\"Normal-C\"><strong>Matutina Gallery (mg)<\/strong><\/span><span class=\"Normal-C\">: NN<\/span><\/p>\n<p><span class=\"Normal-C\"><strong>Matutina Books (mb)\/Lektorat<\/strong><\/span><span class=\"Normal-C\">:\u00a0Gabriele M\u00fcller<\/span><\/p>\n<p><b>Grafik<\/b>: Maciej Walczak, Roland Z\u00f6ller, Alexey Chibakov, Paul Brel<\/p>\n<p><b>Fotografie: <\/b>Mikel Szinetar<\/p>\n<p><b>Public Relation<\/b>: Nataly Ot\u00e1lora, Lena Janzen<\/p>\n<p><span class=\"Normal-C\"><strong>English Translation<\/strong><\/span><span class=\"Normal-C\">: \u00a0N.Andrew Walsh \u00a0 \u00a0 \u00a0 \u00a0 \u00a0 \u00a0\u00a0<\/span><\/p>\n<p><span class=\"Normal-C\"><strong>Webseite und Digital<\/strong><\/span><span class=\"Normal-C\">: Alexey Chibakov , Paul Bredl<\/span><\/p>\n<p><b style=\"font-size: inherit;\">Matutina-Ensemble Stuttgart<br \/>\n<\/b><b style=\"font-size: inherit;\">(auch fr\u00fchere Mitwirkende):<\/b><\/p>\n<p>Nat\u00e1Lia B\u00e1lint (Mezzo-Sopran)<br \/>\n\u00c1lvaro Tinjaca-Bedoya (Counter-Tenor)<br \/>\n<span style=\"font-size: inherit;\">Chun-Kai Hsu ( Counter-Tenor)<br \/>\n<\/span><span style=\"font-size: inherit;\">Frazan Adil Kotwal (Bariton)<\/span><\/p>\n<p>Sophie Fischer, Leonard Melcher, \u00c1lvaro P\u00e9rez, Mikel Szinetar, Alvar Tife \u00a0(Geige) \u00a0 \u00a0 \u00a0 \u00a0 \u00a0 \u00a0 \u00a0 \u00a0 \u00a0 \u00a0 \u00a0 \u00a0 \u00a0 \u00a0 \u00a0 \u00a0 \u00a0 \u00a0 \u00a0 \u00a0 \u00a0 \u00a0 \u00a0 \u00a0 \u00a0 \u00a0\u00a0Eloy Enrique (Oboe) \u00a0 \u00a0 \u00a0 \u00a0 \u00a0 \u00a0 \u00a0 \u00a0 \u00a0 \u00a0 \u00a0 \u00a0 \u00a0 \u00a0 \u00a0 \u00a0 \u00a0Stephan Buchmiller, Beatrice Holzer-Graf, \u00c9lise Chemla, Violeta Mur (ViolonCello)<br \/>\nEvgeny Alexeev, Rafael Guti\u00e9rrez-V\u00e9lez, Xevi Rubi\u00f3, Yu Tashiro (Klavier)<\/p>\n<p><b>K\u00fcnstlerische Leitung: Reinhold Urmetzer<\/b><\/p>\n<p><b>Verlag<\/b>: Musica Mundana (Ernen\/Schweiz),\u00a0<span style=\"font-size: inherit;\">edition weissenburg Stuttgart<\/span><\/p>\n<hr \/>\n<p class=\"Textk\u00f6rper-P-P0\"><strong><span class=\"Textk\u00f6rper-C-C0\">Verantwortlich im Sinne des Presserechts:<\/span><\/strong><br \/>\n<span class=\"Textk\u00f6rper-C-C1\">Ursula Knapp<\/span><span class=\"Textk\u00f6rper-C-C1\"><br \/>\n<\/span><span class=\"Textk\u00f6rper-C-C1\">Wei\u00dfenburgstra\u00dfe 2\/D<\/span><span class=\"Textk\u00f6rper-C-C1\"><br \/>\n<\/span><span class=\"Textk\u00f6rper-C-C1\">70180 Stuttgart<\/span><\/p>\n<hr \/>\n<p class=\"Textk\u00f6rper-P-P0\"><strong>Kontaktdaten:<\/strong><\/p>\n<p class=\"Textk\u00f6rper-P-P0\"><span class=\"Textk\u00f6rper-C-C1\"><strong>Telefon:<\/strong><\/span><span class=\"Textk\u00f6rper-C-C1\"> +49 711 60 55 66<\/span><span class=\"Textk\u00f6rper-C-C1\"><br \/>\n<\/span><span class=\"Textk\u00f6rper-C-C1\"><strong> Telefax:<\/strong><\/span><span class=\"Textk\u00f6rper-C-C1\"> +49 711 601 22 24<\/span><\/p>\n<p class=\"Textk\u00f6rper-P-P0\"><strong><span class=\"Textk\u00f6rper-C-C0\">E-Mail<\/span><\/strong><span class=\"Textk\u00f6rper-C-C1\">: edition.weissenburg@gmail.com<\/span><\/p>\n<p class=\"Textk\u00f6rper-P-P0\"><strong><span class=\"Textk\u00f6rper-C-C0\">Internet<\/span><\/strong><span class=\"Textk\u00f6rper-C-C1\">: www.edition-weissenburg.de<\/span><\/p>\n<hr \/>\n<p class=\"Textk\u00f6rper-P-P0\"><span class=\"Textk\u00f6rper-C-C0\"><strong>Umsatzsteuer-Identifikationsnummer gem\u00e4ss \u00a727 a Umsatzsteuergesetz<\/strong><\/span><span class=\"Textk\u00f6rper-C-C0\">:<\/span><\/p>\n<p class=\"Textk\u00f6rper-P-P0\"><span class=\"Textk\u00f6rper-C-C1\"> DE 95369\/22010<\/span><\/p>\n<p class=\"Textk\u00f6rper-P-P0\"><span class=\"Textk\u00f6rper-C-C0\"><strong>Haftungshinweis<\/strong><\/span><span class=\"Textk\u00f6rper-C-C0\">:<\/span><span class=\"Textk\u00f6rper-C-C1\"> Trotz sorgf\u00e4ltiger inhaltlicher Kontrolle \u00fcbernehmen wir keine Haftung f\u00fcr die Inhalte externer Links. F\u00fcr den Inhalt der verlinkten Seiten sind ausschliesslich deren Betreiber verantwortlich.<\/span><\/p>\n<div>\n<hr \/>\n<\/div>\n<div>\n<h4 class=\"Wp-\u00dcberschrift-2-P\"><strong><span class=\"\u00dcberschrift-2-C\">AGB<\/span><\/strong><\/h4>\n<\/div>\n<div>\n<h6 class=\"Wp-\u00dcberschrift-3-P\"><span class=\"\u00dcberschrift-3-C\">Geltungsbereich,Vertragsschluss<\/span><\/h6>\n<\/div>\n<div>\n<p class=\"Textk\u00f6rper-P-P0\"><span class=\"Textk\u00f6rper-C-C0\">(1) F\u00fcr alle Gesch\u00e4ftsbeziehungen zwischen der Edition Weissenburg und ihren Kunden gelten ausschlie\u00dflich die nachfolgenden Bedingungen, welche mit der Bestellung anerkannt werden. Abweichende Regelungen bed\u00fcrfen der schriftlichen Best\u00e4tigung.<\/span><\/p>\n<p class=\"Textk\u00f6rper-P-P0\"><span class=\"Textk\u00f6rper-C-C0\">(2) Der verbindliche Kaufvertrag kommt erst zustande, wenn Edition Weissenburg die Bestellung des Kunden durch eine Auftragsbest\u00e4tigung oder durch Zusendung der Ware annimmt. <\/span><\/p>\n<\/div>\n<div>\n<h6 class=\"Wp-\u00dcberschrift-3-P\"><span class=\"\u00dcberschrift-3-C\">Preise, Versandkosten, Eigentumsvorbehalt<\/span><\/h6>\n<\/div>\n<div>\n<p class=\"Textk\u00f6rper-P-P0\"><span class=\"Textk\u00f6rper-C-C0\">(1) Alle Preise sind in Euro (\u20ac) und enthalten die jeweils g\u00fcltige gesetzliche Mehrwertsteuer. Die Kosten f\u00fcr Verpackung und Porto bzw. Fracht tr\u00e4gt der Kunde. Edition Weissenburg ist um Lieferung auf dem m\u00f6glichst g\u00fcnstigsten Postweg bem\u00fcht. Die Gefahr geht auf den Kunden \u00fcber, sobald die Ware an den beauftragten Logistikpartner \u00fcbergeben wird.<\/span><\/p>\n<p class=\"Textk\u00f6rper-P-P0\"><span class=\"Textk\u00f6rper-C-C0\">(2) Bis zur vollst\u00e4ndigen Begleichung aller Forderungen verbleibt die gelieferte Ware im Eigentum von Edition Weissenburg.<\/span><\/p>\n<\/div>\n<div>\n<h6 class=\"Wp-\u00dcberschrift-3-P\"><span class=\"\u00dcberschrift-3-C\">F\u00e4lligkeit und Bezahlung<\/span><\/h6>\n<\/div>\n<div>\n<p class=\"Textk\u00f6rper-P-P0\"><span class=\"Textk\u00f6rper-C-C0\">(1) Zahlungen k\u00f6nnen per \u00dcberweisung oder Bankeinzug erfolgen. Bei Bestelllungen ab einem Warenwert von 200 \u20ac und bei Lieferungen ins Ausland beh\u00e4lt Edition Weissenburg sich vor, Vorauskasse zu verlangen.<\/span><\/p>\n<p class=\"Textk\u00f6rper-P-P0\"><span class=\"Textk\u00f6rper-C-C0\">(2) Der Kaufpreis nebst Versandkosten ist innerhalb von 10 Tagen nach Erhalt der Ware netto und ohne Abzug von Skonto f\u00e4llig. Ger\u00e4t der Kunde mit der Zahlung l\u00e4nger als 21 Tage in Verzug, hat Edition Weissenburg ungeachtet ihrer sonstigen Anspr\u00fcche das Recht, vom Vertrag zur\u00fcckzutreten und die Ware zur\u00fcckzufordern. <\/span><\/p>\n<p class=\"Textk\u00f6rper-P-P0\"><span class=\"Textk\u00f6rper-C-C0\">(3) Der Kunde ist zur Aufrechnung nur berechtigt, sofern und soweit seine Gegenanspr\u00fcche rechtskr\u00e4ftig festgestellt, unbestritten oder von Edition Weissenburg anerkannt sind.<\/span><\/p>\n<\/div>\n<div>\n<h6 class=\"Wp-\u00dcberschrift-3-P\"><span class=\"\u00dcberschrift-3-C\">Widerruf<\/span><\/h6>\n<\/div>\n<div>\n<p class=\"Textk\u00f6rper-P-P0\"><span class=\"Textk\u00f6rper-C-C0\">(1) Der Kunde ist berechtigt, seine Bestellung ohne Angabe von Gr\u00fcnden innerhalb von zwei Wochen nach Erhalt der Ware in Textform (z.B. Brief, E-<\/span><span class=\"Textk\u00f6rper-C-C0\"><wbr \/><\/span><span class=\"Textk\u00f6rper-C-C0\">Mail, Fax) oder durch R\u00fccksendung der Ware zu widerrufen. Der Widerruf in Textform ist an die nachstehende Anschrift zu richten. Die R\u00fccksendeadresse f\u00fcr Waren ist dem Lieferschein zu entnehmen. Die Widerrufsfrist beginnt fr\u00fchestens mit Erhalt dieser Belehrung, jedoch nicht vor Erhalt der Ware. Zur Wahrung der Widerrufsfrist gen\u00fcgt die rechtzeitige Absendung des Widerrufs oder der Ware. <\/span><\/p>\n<p class=\"Textk\u00f6rper-P-P0\"><span class=\"Textk\u00f6rper-C-C0\">(2) Im Falle eines wirksamen Widerrufs sind die beiderseits empfangenen Leistungen zur\u00fcckzugew\u00e4hren. Edition Weissenburg zahlt einen ggf. entrichteten Kaufpreis zur\u00fcck und der Kunde ist verpflichtet, die empfangene Ware umgehend zur\u00fcckzugew\u00e4hren. Ist dies ganz oder teilweise nicht oder nur in verschlechtertem Zustand m\u00f6glich, so hat der Kunde im Fall seines Widerrufs die entsprechende Wertminderung zu ersetzen. Edition Weissenburg ist berechtigt, die Wertminderung vom ggf. bereits entrichteten R\u00fcckzahlungsbetrag abzuziehen. Im Einzelfall kann die Wertminderung dem entrichteten Kaufpreis entsprechen. <\/span><\/p>\n<p class=\"Textk\u00f6rper-P-P0\"><span class=\"Textk\u00f6rper-C-C0\">(3) Die Kosten der R\u00fccksendung von Waren bei einem Bestellwert bis zu Euro 40,-<\/span><span class=\"Textk\u00f6rper-C-C0\"><wbr \/><\/span><span class=\"Textk\u00f6rper-C-C0\"> tr\u00e4gt der Kunde, es sei denn die gelieferte Ware entspricht nicht der bestellten. Bis zur vollst\u00e4ndigen R\u00fccksendung der Ware macht Edition Weissenburg von ihrem Zur\u00fcckbehaltungsrecht Gebrauch. <\/span><\/p>\n<p class=\"Textk\u00f6rper-P-P0\"><span class=\"Textk\u00f6rper-C-C0\">(4) Ein Widerrufsrecht besteht nicht bei Audio-<\/span><span class=\"Textk\u00f6rper-C-C0\"><wbr \/><\/span><span class=\"Textk\u00f6rper-C-C0\">Video-<\/span><span class=\"Textk\u00f6rper-C-C0\"><wbr \/><\/span><span class=\"Textk\u00f6rper-C-C0\">Aufzeichnungen (z.B. CD`s, Videokassetten, DVD`s), die vom Kunden entsiegelt wurden.<\/span><\/p>\n<\/div>\n<div>\n<h6 class=\"Wp-\u00dcberschrift-3-P\"><span class=\"\u00dcberschrift-3-C\">Anschrift und Gesch\u00e4ftsadresse:<\/span><\/h6>\n<\/div>\n<div>\n<p class=\"Textk\u00f6rper-P-P0\"><span class=\"Textk\u00f6rper-C-C0\">Edition Weissenburg<\/span><span class=\"Textk\u00f6rper-C-C0\"><br \/>\n<\/span><span class=\"Textk\u00f6rper-C-C0\">Weissenburgstra\u00dfe 2 D<\/span><span class=\"Textk\u00f6rper-C-C0\"><br \/>\n<\/span><span class=\"Textk\u00f6rper-C-C0\">D &#8211;<\/span><span class=\"Textk\u00f6rper-C-C0\"><wbr \/><\/span><span class=\"Textk\u00f6rper-C-C0\"> 70180 Stuttgart<\/span><\/p>\n<p class=\"Textk\u00f6rper-P-P0\"><span class=\"Textk\u00f6rper-C-C0\"><strong>Tel.:<\/strong><\/span><span class=\"Textk\u00f6rper-C-C0\"> \u2013 +49 711 60 55 66<\/span><span class=\"Textk\u00f6rper-C-C0\"><br \/>\n<\/span><span class=\"Textk\u00f6rper-C-C0\"><strong> Fax:<\/strong><\/span><span class=\"Textk\u00f6rper-C-C0\"> \u2013 +49 711 601 22 24<\/span><span class=\"Textk\u00f6rper-C-C0\"><br \/>\n<\/span><span class=\"Textk\u00f6rper-C-C0\"><strong>E-<\/strong><\/span><span class=\"Textk\u00f6rper-C-C0\"><strong><wbr \/><\/strong><\/span><span class=\"Textk\u00f6rper-C-C0\"><strong>Mail:<\/strong><\/span><span class=\"Textk\u00f6rper-C-C0\"> mail@edition-<\/span><span class=\"Textk\u00f6rper-C-C0\"><wbr \/><\/span><span class=\"Textk\u00f6rper-C-C0\">weissenburg.de<\/span><\/p>\n<\/div>\n<div>\n<h6 class=\"Wp-\u00dcberschrift-3-P\"><span class=\"\u00dcberschrift-3-C\">Beanstandungen und M\u00e4ngelrechte<\/span><\/h6>\n<\/div>\n<div>\n<p class=\"Textk\u00f6rper-P-P0\"><span class=\"Textk\u00f6rper-C-C0\">(1) Der Kunde hat die Vertragsgem\u00e4\u00dfheit der gelieferten Ware in jedem Fall zu pr\u00fcfen. Beanstandungen sind nur innerhalb von 10 Tagen nach Empfang der Ware zul\u00e4ssig. Versteckte M\u00e4ngel, die nach unverz\u00fcglicher Untersuchung nicht zu finden sind, m\u00fcssen innerhalb der gesetzlichen Gew\u00e4hrleistungsfrist geltend gemacht werden.<\/span><\/p>\n<p class=\"Textk\u00f6rper-P-P0\"><span class=\"Textk\u00f6rper-C-C0\">(2) Bei berechtigten Beanstandungen wird Edition Weissenburg diese nach Wahl des Kunden durch Nachbesserung oder durch Ersatzlieferung beseitigen. Im Falle misslungener, verz\u00f6gerter oder unterlassener Nachbesserung oder Ersatzlieferung ist der Kunde berechtigt, eine Herabsetzung des Kaufpreises zu verlangen oder vom Vertrag zur\u00fcckzutreten. In F\u00e4llen, in denen Edition Weissenburg ein Verschulden zur Last f\u00e4llt, k\u00f6nnen Schadensersatzanspr\u00fcche gem\u00e4\u00df nachstehender Haftungsklausel geltend gemacht werden.<\/span><\/p>\n<\/div>\n<div>\n<h6 class=\"Wp-\u00dcberschrift-3-P\"><span class=\"\u00dcberschrift-3-C\">Haftung<\/span><\/h6>\n<\/div>\n<div>\n<p class=\"Textk\u00f6rper-P-P0\"><span class=\"Textk\u00f6rper-C-C0\">(1) Edition Weissenburg haftet unbeschr\u00e4nkt f\u00fcr vors\u00e4tzlich oder grob fahrl\u00e4ssig verursachte Sch\u00e4den, bei arglistigem Verschweigen eines Mangels, bei \u00dcbernahme einer ausdr\u00fccklich als solchen bezeichneten Beschaffenheitsgarantie, f\u00fcr Anspr\u00fcche aufgrund des Produkthaftungsgesetzes, f\u00fcr K\u00f6rpersch\u00e4den oder soweit aus einem anderen Grund gesetzlich zwingend gehaftet wird.<\/span><\/p>\n<p class=\"Textk\u00f6rper-P-P0\"><span class=\"Textk\u00f6rper-C-C0\">(2) F\u00fcr sonstige Sch\u00e4den haftet Edition Weissenburg nur, sofern eine Pflicht verletzt wird, deren Einhaltung f\u00fcr die Erreichung des Vertragszwecks von besonderer Bedeutung ist (Kardinalpflicht) und sofern die Sch\u00e4den aufgrund der vertraglichen Verwendung der Ware typisch und vorhersehbar sind. In einem derartigen Fall ist die Haftung auf einen Betrag in H\u00f6he des Doppelten des nach dem jeweiligen Vertrag bezahlten Kaufpreises begrenzt.<\/span><\/p>\n<p class=\"Textk\u00f6rper-P-P0\"><span class=\"Textk\u00f6rper-C-C0\">(3) Eine weitergehende Haftung, insbesondere f\u00fcr Sch\u00e4den, die nicht an der Ware selbst entstanden sind, f\u00fcr entgangenen Gewinn oder sonstige Verm\u00f6genssch\u00e4den des Kunden, ist, soweit gesetzlich zul\u00e4ssig, ausgeschlossen.<\/span><\/p>\n<\/div>\n<div>\n<h6 class=\"Wp-\u00dcberschrift-3-P\"><span class=\"\u00dcberschrift-3-C\">Urheberrecht<\/span><\/h6>\n<\/div>\n<div>\n<p class=\"Textk\u00f6rper-P-P0\"><span class=\"Textk\u00f6rper-C-C0\">Soweit die Erzeugnisse der Edition Weissenburg, einschlie\u00dflich ihrer Einzelbeitr\u00e4ge und Abbildungen, urheberrechtsf\u00e4hig sind, haben der Urheber bzw. die Edition Weissenburg das ausschlie\u00dfliche Recht zur Verwertung. Jede Verwertung au\u00dferhalb der Urheberrechtsgesetzes ist ohne vorherige schriftliche Zustimmung der Edition Weissenburg nicht zul\u00e4ssig und strafbar. Dies gilt insbesondere f\u00fcr Vervielf\u00e4ltigungen, \u00dcbersetzungen, Mikroverfilmungen und Einspeicherung und Verarbeitung in elektronischen Systemen.<\/span><\/p>\n<\/div>\n<div>\n<h6 class=\"Wp-\u00dcberschrift-3-P\"><span class=\"\u00dcberschrift-3-C\">Datenschutz<\/span><\/h6>\n<\/div>\n<div>\n<p class=\"Textk\u00f6rper-P-P0\"><span class=\"Textk\u00f6rper-C-C0\">(1) Der Kunde stimmt der Speicherung, Verarbeitung und Nutzung der der Edition Weissenburg im Rahmen des Bestellvorgangs \u00fcberlassener personenbezogener Daten f\u00fcr vertragliche Zwecke und auf der Grundlage der jeweils geltenden Datenschutzbestimmungen ausdr\u00fccklich zu.<\/span><\/p>\n<p class=\"Textk\u00f6rper-P-P0\"><span class=\"Textk\u00f6rper-C-C0\">(2) Edition Weissenburg verpflichtet sich, die Privatsph\u00e4re aller Personen zu sch\u00fctzen und die personenbezogenen Daten vertraulich zu behandeln. Gespeicherte Daten ihrer Kunden wird sie nicht weitergeben.<\/span><\/p>\n<\/div>\n<div>\n<h6 class=\"Wp-\u00dcberschrift-3-P\"><span class=\"\u00dcberschrift-3-C\">Schlussbestimmungen<\/span><\/h6>\n<\/div>\n<div>\n<p class=\"Textk\u00f6rper-P-P0\"><span class=\"Textk\u00f6rper-C-C0\">(1) Dieser Vertrag unterliegt ausschlie\u00dflich dem materiellen Recht der Bundesrepublik Deutschland mit Ausnahme des UN-<\/span><span class=\"Textk\u00f6rper-C-C0\"><wbr \/><\/span><span class=\"Textk\u00f6rper-C-C0\">Abkommens \u00fcber den internationalen Kauf beweglicher Sachen.<\/span><\/p>\n<p class=\"Textk\u00f6rper-P-P0\"><span class=\"Textk\u00f6rper-C-C0\">(2) Durch etwaige Unwirksamkeit einer oder mehrerer Bestimmungen wird die Wirksamkeit der \u00fcbrigen Bestimmungen nicht ber\u00fchrt.<\/span><\/p>\n<\/div>\n","protected":false},"excerpt":{"rendered":"<p>Datenschutzerkl\u00e4rung Impressum EDITION WEISSENBURG gegr\u00fcndet im Jahr 2000 von Joachim Hase und Reinhold Urmetzer in Saarbr\u00fccken Matutina Music (mm): Reinhold Urmetzer Tonmeister und Matutina-Studio, Produzent: Igor Stepanov Matutina Gallery (mg): NN Matutina Books (mb)\/Lektorat:\u00a0Gabriele M\u00fcller Grafik: Maciej Walczak, Roland Z\u00f6ller, Alexey Chibakov, Paul Brel Fotografie: Mikel Szinetar Public Relation: Nataly Ot\u00e1lora, Lena Janzen English Translation: \u00a0N.Andrew Walsh \u00a0 \u00a0 \u00a0&#46;&#46;&#46;<\/p>\n","protected":false},"author":1,"featured_media":0,"parent":0,"menu_order":0,"comment_status":"closed","ping_status":"closed","template":"","meta":{"spay_email":"","footnotes":""},"class_list":["post-5462","page","type-page","status-publish","hentry"],"jetpack_shortlink":"https:\/\/wp.me\/P4WFkG-1q6","jetpack_sharing_enabled":true,"_links":{"self":[{"href":"https:\/\/edition-weissenburg.de\/blog\/index.php?rest_route=\/wp\/v2\/pages\/5462"}],"collection":[{"href":"https:\/\/edition-weissenburg.de\/blog\/index.php?rest_route=\/wp\/v2\/pages"}],"about":[{"href":"https:\/\/edition-weissenburg.de\/blog\/index.php?rest_route=\/wp\/v2\/types\/page"}],"author":[{"embeddable":true,"href":"https:\/\/edition-weissenburg.de\/blog\/index.php?rest_route=\/wp\/v2\/users\/1"}],"replies":[{"embeddable":true,"href":"https:\/\/edition-weissenburg.de\/blog\/index.php?rest_route=%2Fwp%2Fv2%2Fcomments&post=5462"}],"version-history":[{"count":64,"href":"https:\/\/edition-weissenburg.de\/blog\/index.php?rest_route=\/wp\/v2\/pages\/5462\/revisions"}],"predecessor-version":[{"id":13245,"href":"https:\/\/edition-weissenburg.de\/blog\/index.php?rest_route=\/wp\/v2\/pages\/5462\/revisions\/13245"}],"wp:attachment":[{"href":"https:\/\/edition-weissenburg.de\/blog\/index.php?rest_route=%2Fwp%2Fv2%2Fmedia&parent=5462"}],"curies":[{"name":"wp","href":"https:\/\/api.w.org\/{rel}","templated":true}]}}