{"id":5488,"date":"2016-04-11T10:06:40","date_gmt":"2016-04-11T10:06:40","guid":{"rendered":"http:\/\/edition-weissenburg.de\/blog\/?page_id=5488"},"modified":"2021-01-10T09:27:27","modified_gmt":"2021-01-10T09:27:27","slug":"matutina-books","status":"publish","type":"page","link":"https:\/\/edition-weissenburg.de\/blog\/?page_id=5488&lang=de","title":{"rendered":"Matutina Books"},"content":{"rendered":"<h3>B\u00fccher<\/h3>\n<hr \/>\n<p><strong><span class=\"Tabellenk\u00f6rper-C-C0\"><a href=\"http:\/\/edition-weissenburg.de\/blog\/?page_id=5534&amp;lang=de\">\u00c4sthetik, Band 1: Photobuch<\/a><\/span><span class=\"Tabellenk\u00f6rper-C\"><a href=\"http:\/\/edition-weissenburg.de\/blog\/?page_id=5534&amp;lang=de\"><br \/>\n<\/a><\/span><\/strong><strong><span class=\"Tabellenk\u00f6rper-C\">Artikel:<\/span><\/strong><span class=\"Tabellenk\u00f6rper-C\"> mb 12<\/span><strong><span class=\"Tabellenk\u00f6rper-C\"><br \/>\n<\/span>Info:<\/strong> F\u00fcnf Interpretationen zur Kunst unserer Zeit.<br \/>\n<strong>Jahr:<\/strong> 2005<br \/>\n<strong>Umfang:<\/strong> 152 Seiten<br \/>\n<strong>Preis:<\/strong> 28,50 Euro (Hardcover)<br \/>\n<strong>Kaufoptionen:<\/strong> bestellen Sie das Buch bei uns! ISBN 3-8334-4021-X<br \/>\n<strong>Ebook:<\/strong> nein<\/p>\n<hr \/>\n<p><span style=\"text-decoration: underline;\"><strong>Das \u00e4gyptische Boot \/ Tr\u00fcmmer, Bild und Kreis (Kalifornien)<\/strong><\/span><br \/>\n<strong>Info:<\/strong> Der Text liegt auch als H\u00f6rbuch I vor (vgl. Matutina Music).<br \/>\n<strong>Jahr:<\/strong> 2005<br \/>\n<strong>Umfang:<\/strong><br \/>\n<strong>Preis: vergriffen!Restbest\u00e4nde im Netz<\/strong><br \/>\n<strong>Kaufoptionen:<\/strong><br \/>\n<strong>Ebook: <\/strong>nein<\/p>\n<hr \/>\n<p><strong><span class=\"Tabellenk\u00f6rper-C-C0\"><a href=\"http:\/\/edition-weissenburg.de\/blog\/?page_id=5541&amp;lang=de\">\u00c4sthetik, Band 2: Kunstbuch<\/a><\/span><\/strong><br \/>\n<strong> Artikel:<\/strong> mb 13<br \/>\n<strong>Info:<\/strong> <span class=\"Tabellenk\u00f6rper-C\">Sieben Vortr\u00e4ge zu Poststrukturalismus und Dekonstruktion, darunter auch die mit dem Bonner Cicero-<wbr \/>Preis ausgezeichnete Rede \u201cGl\u00fcck und Ungl\u00fcck im Paradies\u201d.<\/span><br \/>\n<strong>Jahr:<\/strong> 2007<br \/>\n<strong>Umfang:<\/strong> 164<br \/>\n<strong>Preis:<\/strong> 29,50 Euro (Hardcover)<br \/>\n<strong>Kaufoptionen:<\/strong>\u00a0bestellen Sie das Buch bei uns! |ISBN 978-3-8334-8117-8<br \/>\n<strong>Ebook: <\/strong>nein<\/p>\n<hr \/>\n<p><strong><span class=\"Tabellenk\u00f6rper-C-C0\"><a href=\"http:\/\/edition-weissenburg.de\/blog\/?page_id=5548&amp;lang=de\">Das Auge des Adlers<\/a><\/span><span class=\"Tabellenk\u00f6rper-C\"><br \/>\nArtikel:<\/span><\/strong><span class=\"Tabellenk\u00f6rper-C\"> mb 16<\/span><strong><span class=\"Tabellenk\u00f6rper-C\"><br \/>\n<\/span>Info:<\/strong> <span class=\"Tabellenk\u00f6rper-C\">Ein Essay \u00fcber Thomas von Aquin.<\/span><br \/>\n<strong>Jahr:<\/strong> 2008<br \/>\n<strong>Umfang:<\/strong> 100<br \/>\n<strong>Preis:<\/strong> 16,50 Euro (Hardcover)<br \/>\n<strong>Kaufoptionen:<\/strong>\u00a0bestellen Sie das Buch bei uns! Amazon ISBN 978-3-7386-7887-1<br \/>\n<strong>Ebook: <\/strong>nein<\/p>\n<hr \/>\n<p><strong><span class=\"Tabellenk\u00f6rper-C-C0\"><a href=\"http:\/\/edition-weissenburg.de\/blog\/?page_id=5546&amp;lang=de\">\u00c4sthetik, Band 3: Musikbuch<\/a><\/span><span class=\"Tabellenk\u00f6rper-C\"><br \/>\nArtikel:<\/span><\/strong><span class=\"Tabellenk\u00f6rper-C\"> mb 14<\/span><strong><span class=\"Tabellenk\u00f6rper-C\"><br \/>\n<\/span>Info:<\/strong> <span class=\"Tabellenk\u00f6rper-C\">Vier Vortr\u00e4ge zur Musik unserer Zeit, darunter der Rihm-<wbr \/>Essay \u201c\u00dcber Stil, K\u00fcnstlichkeit und Spiel\u201d sowie Texte zur Neuen Musik, Kunstkritik und Disko-<wbr \/>Kultur. <\/span><br \/>\n<strong>Jahr:<\/strong> 2010<br \/>\n<strong>Umfang:<\/strong> 230<br \/>\n<strong>Preis:<\/strong> 38,50 Euro (Hardcover)<br \/>\n<strong>Kaufoptionen:<\/strong>\u00a0bestellen Sie das Buch bei uns!\u00a0ISBN 978-3-8391-9496-6<br \/>\n<strong>Ebook: <\/strong>nein<\/p>\n<hr \/>\n<p><strong><span class=\"Tabellenk\u00f6rper-C-C0\"><a href=\"http:\/\/edition-weissenburg.de\/blog\/?page_id=5550&amp;lang=de\">\u00dcber die Sinnfrage<\/a><\/span><br \/>\nArtikel:<\/strong> mb 17a<strong><br \/>\nInfo:\u00a0<\/strong>\u201e\u00dcber die Sinnfrage\u201c ist eine Einf\u00fchrung ins Philosophieren. Nicht im Sinne einer Fach- oder Geschichtswissenschaft mit einem einheitlich definierten Spezialvokabular, das m\u00fchsam zu erlernen w\u00e4re. Auch nicht auf ein Ziel hin, das m\u00fchsam zu erreichen oder wegen einer Antwort, die leicht zu finden w\u00e4re. Sondern im Sinne einer Publikation, die das Ganze im Auge beh\u00e4lt, wie es sich heute international und jenseits der fachspezifischen Zirkel dem Denken gegen\u00fcber darstellt.<br \/>\n<strong>Jahr:<\/strong> 2011<br \/>\n<strong>Umfang:<\/strong> 137<br \/>\n<strong>Preis:<\/strong> <span class=\"Tabellenk\u00f6rper-C-C0\">14,50 (Taschenbuch)\/9,77 (E-<wbr \/>book)<\/span><br \/>\n<strong>Kaufoptionen:<\/strong>\u00a0bestellen Sie das Buch bei uns! | Amazon ISBN 978-3-0003-4547-0<br \/>\n<strong>Ebook: <\/strong><a href=\"http:\/\/www.amazon.de\/dp\/B007N6XTH0\">Amazon<\/a><\/p>\n<hr \/>\n<p><strong><span class=\"Tabellenk\u00f6rper-C\"><span class=\"Tabellenk\u00f6rper-C-C0\"><a href=\"http:\/\/edition-weissenburg.de\/blog\/?page_id=5552&amp;lang=de\">Landschaft mit Martyrium der heiligen Katharina<\/a><\/span><br \/>\nArtikel:<\/span><\/strong><span class=\"Tabellenk\u00f6rper-C\"> mb 18<\/span><strong><span class=\"Tabellenk\u00f6rper-C\"><br \/>\n<\/span>Info: <\/strong>Es ist kein Roman, kein Sachbuch, kein Essay. Eher die Umkreisung eines Themas, das mir sehr wichtig ist, auch was das Denken, Lesen und Interpretieren betrifft. Das Reden, Sprechen \u2013 oder besser gesagt das Nichtreden, Nichtsprechen \u2013 steht parallel zu einer Beschreibung des Jakobswegs im Mittelpunkt der Er\u00f6rterungen.<br \/>\n<strong>Jahr:<\/strong> 2012<br \/>\n<strong>Umfang:<\/strong> 124<br \/>\n<strong>Preis:<\/strong> 16,50 (Hardcover)<br \/>\n<strong>Kaufoptionen:<\/strong>\u00a0bestellen Sie das Buch bei uns! ISBN 978-3-0003-6245-3<br \/>\n<strong>Ebook: <\/strong>Ja<\/p>\n<hr \/>\n<p><strong><span class=\"Tabellenk\u00f6rper-C\"><span class=\"Normal-C-C1\"><a href=\"http:\/\/edition-weissenburg.de\/blog\/?page_id=5554&amp;lang=de\">Tipasa: nord-wind-s\u00fcd<\/a><\/span><br \/>\nArtikel:<\/span><\/strong><span class=\"Tabellenk\u00f6rper-C\"> mb 19a<\/span><strong><span class=\"Tabellenk\u00f6rper-C\"><br \/>\n<\/span>Info:\u00a0<\/strong>Die antike Ruinen-Stadt Tipasa in Algerien steht f\u00fcr das Verschwundensein einer Welt, einer Zeit, auch einer privaten &#8211; der Kindheit. Und dennoch lebt ihr Geist weiter im Denken Albert Camus, in Steinen, glitzernden S\u00e4ulenresten, im W\u00fcstensand und in den gebrochenen Skulpturen der Antike. Sie zeugen von der Kindheit auch des europ\u00e4ischen Geistes, des europ\u00e4ischen Denkens, entstanden in einer langen und weit entfernten Zeit der Griechen. Tipasa ist aber auch \u00fcberall. Die Sehnsucht nach R\u00fcckkehren-K\u00f6nnen, nach Heimat, nach Befreiung ist allgemein und allgemein menschlich. Auch die Angst wegzugehen, sich dem Wind, der Verf\u00fchrung, dem Taumel und Wirbel einer neuen Welt anzuvertrauen, die uns wer wei\u00df wohin f\u00fchrt, diese Angst ist \u00fcberzeitlich und \u00fcberall.<br \/>\n<strong>Jahr:<\/strong> 2012<br \/>\n<strong>Umfang:<\/strong> 88<br \/>\n<strong>Preis: <\/strong>14,99 Euro (Paperback), 11,49 Euro (Ebook)<br \/>\n<strong>Kaufoptionen:<\/strong>\u00a0bestellen Sie das Buch bei uns! |ISBN 978-3-8472-8687-5<br \/>\n<strong>Ebook: <\/strong><a href=\"https:\/\/tredition.de\/autoren\/reinhold-urmetzer-7120\/tipasa-e-book-20866\/\">Tredition<\/a><strong> | <\/strong><a href=\"http:\/\/www.amazon.de\/dp\/B008RNGENE\">Amazon<\/a><strong> | <\/strong><a href=\"https:\/\/play.google.com\/store\/books\/details\/Reinhold_Urmetzer_Tipasa?id=WsNDwYDsxbkC\">Google Play<\/a><\/p>\n<hr \/>\n<p><strong><span class=\"Tabellenk\u00f6rper-C\"><span class=\"Normal-C-C1\"><a href=\"http:\/\/edition-weissenburg.de\/blog\/?page_id=5556&amp;lang=de\">Drei Popsongs: \u00fcber die Begegnung der Geschlechter<\/a><\/span><br \/>\nArtikel: <\/span><\/strong><span class=\"Tabellenk\u00f6rper-C\">mb 20<\/span><span class=\"Tabellenk\u00f6rper-C\">a<\/span><strong><span class=\"Tabellenk\u00f6rper-C\"><br \/>\n<\/span>Info:\u00a0<\/strong>Reinhold Urmetzers dekonstruktive Analyse zweier Popsongs ist von einem Fachmann geschrieben, der die Kultur unserer Zeit, auch die Popkultur, genau kennt. Als Journalist und Musikkritiker hat er zahlreiche Gruppen und Str\u00f6mungen begleitet. Als K\u00fcnstler und Philosoph hat er sich mit dem postmodernen Denken unserer franz\u00f6sischen Nachbarn auseinandergesetzt sowie Publikationen und Interviews dazu ver\u00f6ffentlicht.\u00a0Sein in mancher Hinsicht \u00fcberraschender und auch fordernder Text \u00fcber zwei Lieder von Enrique Iglesias sowie Robbie Williams bespricht ein Hauptthema unserer Zeit: die Beziehung der Geschlechter zueinander, ihr Auseinanderdriften oder auch Sich-neu-finden-M\u00fcssen vor dem Hintergrund einer rapide sich wandelnden Epoche.<br \/>\n<strong>Jahr:<\/strong> 2013<br \/>\n<strong>Umfang:<\/strong> 144<br \/>\n<strong>Preis: <\/strong>14,99 Euro (Taschenbuch), 9,50 Euro (Ebook)<br \/>\n<strong>Kaufoptionen:<\/strong>\u00a0bestellen Sie das Buch bei uns! |ISBN 978-3-8491-2092-4<br \/>\n<strong>Ebook: <\/strong><a href=\"https:\/\/tredition.de\/autoren\/reinhold-urmetzer-7120\/drei-popsongs-e-book-28827\/\">Tredition<\/a>\u00a0| <a href=\"http:\/\/www.amazon.de\/dp\/B00BSV4XHQ\">Amazon<\/a> |\u00a0<a href=\"https:\/\/play.google.com\/store\/books\/details\/Reinhold_Urmetzer_Drei_Popsongs?id=3s1BrYzInpMC\">Google Play<\/a><\/p>\n<hr \/>\n<p><strong><a href=\"http:\/\/edition-weissenburg.de\/blog\/?page_id=5808&amp;lang=de\">Abfahrende Schiffe &#8211; Prosagedichte<\/a><br \/>\nArtikel: <\/strong>mb 21<br \/>\n<strong>Info:<\/strong>\u00a0Die vorliegenden Prosagedichte von Reinhold Urmetzer sind in drei Lebensphasen entstanden. Sie spiegeln unterschiedliche gesellschaftliche Zust\u00e4nde sowie pers\u00f6nliche Befindlichkeiten.<br \/>\n<strong>Jahr:<\/strong>\u00a02015<br \/>\n<strong>Umfang:<\/strong>\u00a0168<br \/>\n<strong>Preis:<\/strong>\u00a016,99 Euro (Taschenbuch)<br \/>\n<strong>Kaufoptionen:<\/strong>\u00a0bestellen Sie das Buch bei uns! | <a href=\"http:\/\/www.amazon.de\/dp\/3738678875\">Amazon<\/a><br \/>\n<strong>Ebook:<\/strong> nein<\/p>\n<hr \/>\n<p><strong><span class=\"Tabellenk\u00f6rper-C\"><span class=\"Tabellenk\u00f6rper-C-C0\">Gespr\u00e4che mit Zeitgenossen<\/span> (in Vorbereitung)<br \/>\nArtikel:<\/span><\/strong> mb 15<span class=\"Tabellenk\u00f6rper-C\"><br \/>\n<\/span><strong> Info:<\/strong> <span class=\"Tabellenk\u00f6rper-C\">Gesammelte Interviews aus den Jahren 1980 &#8211;<wbr \/> 2000, unter anderem mit F.Lyotard, Niklas Luhmann, Olivier Messiaen und Wolfgang Rihm erschienen in der \u201cStuttgarter Zeitung\u201d, TAZ, \u201cNeue Zeitschrift f\u00fcr Musik\u201d.<br \/>\n<\/span><strong>Jahr:<\/strong>\u00a0in Vorbereitung<br \/>\n<strong>Umfang:<\/strong> &#8211;<br \/>\n<strong>Preis:<\/strong> noch nicht bekannt<br \/>\n<strong>Kaufoptionen: &#8211;<\/strong><br \/>\n<strong>Ebook: <\/strong>&#8211;<\/p>\n<hr \/>\n<p><a href=\"http:\/\/edition-weissenburg.de\/blog\/?page_id=6683&amp;lang=de\"><strong>Zeitenwende &#8211; Change of Times<\/strong><\/a><br \/>\n<strong>Artikel:<\/strong> mb 22a<br \/>\n<strong> Info:\u00a0<\/strong>Die \u201eErz\u00e4hlungen der Erde\u201c und die \u201eErz\u00e4hlungen des Himmels\u201c sind der dritte und der vierte Teil einer f\u00fcnfteiligen Sammlung von Prosagedichten, die Reinhold Urmetzer f\u00fcr eine\u00a0<span id=\"more_text\">Kunstinstallation anl\u00e4sslich der Mail\u00e4nder Weltausstellung Expo 2015 im Herbst 2014 in Ostende (Belgien) geschrieben hat.<\/span><br \/>\n<strong> Jahr:<\/strong>\u00a02016<br \/>\n<strong> Umfang:<\/strong> ca.\u00a0148<br \/>\n<strong> Preis:<\/strong>\u00a034,99 Hardcover<br \/>\n<strong> Kaufoptionen:<\/strong>\u00a0bestellen Sie das Buch bei uns! |\u00a0<a href=\"http:\/\/www.epubli.de\/shop\/buch\/Zeitwende---Change-of-Times-Reinhold-Urmetzer-9783741816659\/52629#beschreibung\">Epubli<\/a>\u00a0|\u00a0Amazon<\/p>\n<p>ISBN 2-0000-3278-8561-1 Paperback<br \/>\n<strong> Ebook:<\/strong> (in Vorbereitung)<\/p>\n<hr \/>\n<p><strong>Vom Wiederfinden (AtelierExpoBuch I)<\/strong><br \/>\n<strong>Artikel:<\/strong> mb 23<br \/>\n<strong>Info:<\/strong>\u00a0Eine von den K\u00fcnstlern auf 30 Exemplare limitierte Hardcover-Sonderausgabe dieses Buches, mit einer Grafik\u00a0von Marianne Pape als Zugabe, die nur in der edition weissenburg erh\u00e4ltlich ist. \u00a0Limitierte Ausgabe.<br \/>\n<strong>Jahr:<\/strong> 2016<br \/>\n<strong>Umfang:<\/strong> 110 S.<br \/>\n<strong>Preis:<\/strong>\u00a034,99\u20ac<br \/>\n<strong>Kaufoptionen:<\/strong> bestellen Sie das Buch bei uns! ISBN 978-3-7469-1898-3<br \/>\n<strong>Ebook:<\/strong>\u00a0nein<\/p>\n<p>\u2014\u2014\u2014\u2014\u2014\u2014\u2014\u2014\u2014\u2014\u2014\u2014\u2014\u2014\u2014\u2014\u2014\u2014\u2014\u2014<\/p>\n<p><b>On Seduction (1)<br \/>\n<\/b><span style=\"font-size: inherit;\">Translation: N.Andrew Walsh<\/span><\/p>\n<p><strong>Jahr:<\/strong> 2017<br \/>\n<strong>Umfang:<\/strong>\u00a096 S.<br \/>\nPreis Hardcover:\u00a024,99 \u00a0 \u00a0 \u00a0 \u00a0 \u00a0 \u00a0 \u00a0 \u00a0 \u00a0 \u00a0 \u00a0 \u00a0 \u00a0 \u00a0 \u00a0 \u00a0 Preis Paperback: 14,99<br \/>\n<strong>Kaufoptionen:<\/strong> bestellen Sie das Buch bei uns! \u00a0 \u00a0 \u00a0 \u00a0 \u00a0 \u00a0 \u00a0 \u00a0 \u00a0 \u00a0 \u00a0 \u00a0 \u00a0 \u00a0 \u00a0 \u00a0 \u00a0 \u00a0 \u00a0 \u00a0 \u00a0 \u00a0 \u00a0 \u00a0 \u00a0 \u00a0 \u00a0 \u00a0 \u00a0 \u00a0 \u00a0 \u00a0 \u00a0 \u00a0 <b>ISBN 978-3-7439-4505-0<\/b>\u00a0<b style=\"font-size: inherit;\">Hardcover \u00a0 \u00a0 \u00a0 \u00a0 \u00a0 \u00a0ISBN 978-3-7439-4502-9 Paperback<\/b><\/p>\n<p><strong>Ebook:<\/strong>\u00a0ja<\/p>\n<p>\u2014\u2014\u2014\u2014\u2014\u2014\u2014\u2014\u2014\u2014\u2014\u2014\u2014\u2014\u2014\u2014\u2014\u2014\u2014\u2014-<\/p>\n<p><b>On Seduction (2)<br \/>\n<\/b>Translation: N.Andrew Walsh<\/p>\n<p><strong>Jahr:<\/strong> 2019<br \/>\n<strong>Umfang:<\/strong>\u00a0112 S.<br \/>\n<strong>Preis Hardcover:<\/strong>\u00a024,99 \u00a0 \u00a0 \u00a0 \u00a0 \u00a0 \u00a0 \u00a0 \u00a0 \u00a0 \u00a0 \u00a0 \u00a0 \u00a0 \u00a0 \u00a0 \u00a0<strong>Preis Paperback: <\/strong>14,99<br \/>\n<strong>Kaufoptionen:<\/strong> bestellen Sie das Buch bei uns! \u00a0 \u00a0 \u00a0 \u00a0 \u00a0 \u00a0 \u00a0 \u00a0 \u00a0 \u00a0 \u00a0 \u00a0 \u00a0 \u00a0 \u00a0 \u00a0 \u00a0 \u00a0 \u00a0 \u00a0 \u00a0 \u00a0 \u00a0 \u00a0 \u00a0 \u00a0 \u00a0 \u00a0 \u00a0 \u00a0 \u00a0 \u00a0 \u00a0 \u00a0<b>ISBN 978-3-7482-6901-4<\/b>\u00a0<b>Hardcover \u00a0 \u00a0 \u00a0 \u00a0 \u00a0 \u00a0ISBN 978-3-7482-6900-7 Paperback<\/b><\/p>\n<p><strong>Ebook:<\/strong>\u00a0ja<\/p>\n<p>\u2014\u2014\u2014\u2014\u2014\u2014\u2014\u2014\u2014\u2014\u2014\u2014\u2014\u2014\u2014\u2014\u2014\u2014\u2014\u2014\u2014<\/p>\n<p><strong><b>On Seduction (3)<br \/>\n<\/b>Translation: N.Andrew Walsh \u00a0 \u00a0 \u00a0 \u00a0 \u00a0 \u00a0 \u00a0 \u00a0 \u00a0 \u00a0\u00a0<\/strong><strong>(in Vorbereitung)<\/strong><\/p>\n<p><strong>\u2014\u2014\u2014\u2014\u2014\u2014\u2014\u2014\u2014\u2014\u2014\u2014\u2014\u2014\u2014\u2014\u2014\u2014\u2014\u2014\u2014-<br \/>\n<\/strong><\/p>\n<p><b>Neu: Die Spur auf der Fl\u00e4che \u00a0 \u00a0 \u00a0 \u00a0 \u00a0 \u00a0 \u00a0 \u00a0 \u00a0 \u00a0 \u00a0<\/b><span style=\"font-size: inherit;\">Der Komponist Wolfgang Rihm\u00a0<\/span><span style=\"font-size: inherit;\">im Gespr\u00e4ch<\/span><\/p>\n<p><strong style=\"font-size: inherit;\">Jahr:<\/strong><span style=\"font-size: inherit;\"> 2019 \u00a0 \u00a0 \u00a0 \u00a0 \u00a0 \u00a0 \u00a0 \u00a0 \u00a0 \u00a0 \u00a0 \u00a0 \u00a0 \u00a0 \u00a0 \u00a0 \u00a0 \u00a0 \u00a0 \u00a0 \u00a0 \u00a0 \u00a0 \u00a0 \u00a0 \u00a0\u00a0<\/span><span style=\"font-size: inherit;\"><b>Verlag<\/b>: Musica Mundana<br \/>\n<\/span><strong>Umfang:<\/strong>\u00a0118 S.<br \/>\nPreis:\u00a0\u00a0 \u00a0 \u00a0 \u00a0 \u00a0 \u00a0 \u00a0 \u00a0 \u00a0 \u00a0 \u00a0 \u00a0 \u00a0 \u00a0 \u00a0 \u00a0 \u00a0 \u00a0 \u00a0 \u00a0 \u00a0 \u00a0 \u00a0 \u00a0 \u00a0 \u00a0 \u00a0 \u00a0 \u00a0 \u00a0 \u00a0 \u00a0 \u00a0 \u00a0\u00a0<b>\u00a0 \u00a0 \u00a0 \u00a0 \u00a0 \u00a0 ISBN 978-3-9524-9740-1 Paperback<\/b><\/p>\n<p><strong>Ebook:<\/strong>\u00a0nein<\/p>\n<p><span style=\"font-weight: 600;\">\u2014\u2014\u2014\u2014\u2014\u2014\u2014\u2014\u2014\u2014\u2014\u2014\u2014\u2014\u2014\u2014\u2014\u2014\u2014-<\/span><\/p>\n<p><b>Wolfgang Rihm \u00a0 \u00a0 \u00a0 \u00a0 \u00a0 \u00a0 \u00a0 \u00a0 \u00a0 \u00a0 \u00a0 \u00a0 \u00a0 \u00a0 \u00a0 \u00a0 \u00a0 \u00a0 \u00a0 \u00a0 \u00a0 \u00a0<\/b>Vortrag<span style=\"font-size: inherit;\">\u00a0auf Einladung des Badischen Kunstvereins Karlsruhe und Interview<\/span><\/p>\n<p><b>Jahr<\/b>: 1988 \u00a0 \u00a0 \u00a0 \u00a0 \u00a0 \u00a0 \u00a0 \u00a0 \u00a0 \u00a0 \u00a0 \u00a0 \u00a0 \u00a0 \u00a0 \u00a0 \u00a0 \u00a0 \u00a0 \u00a0 \u00a0 \u00a0 \u00a0 \u00a0 \u00a0 \u00a0<b>Umfang<\/b> 110 S.<\/p>\n<p>Edition Patricia Schwarz<\/p>\n<p><u>vergriffen, Restbest\u00e4nde im Netz<\/u><\/p>\n<p><strong>\u2014\u2014\u2014\u2014\u2014\u2014\u2014\u2014\u2014\u2014\u2014\u2014\u2014\u2014\u2014\u2014\u2014\u2014\u2014\u2014<br \/>\nBeschreibung aller B\u00fccher von Reinhold Urmetzer im Blog Nr.282<\/strong><\/p>\n<hr \/>\n<h3><span style=\"color: #339966;\">Gleich hier bestellen!<\/span><\/h3>\n<div id='contact-form-5488'>\n<form action='https:\/\/edition-weissenburg.de\/blog\/?page_id=5488&#038;lang=de#contact-form-5488' method='post' class='contact-form commentsblock'>\n\n<div class='grunion-field-wrap grunion-field-name-wrap'  >\n<label\n\t\t\t\tfor='g5488-name'\n\t\t\t\tclass='grunion-field-label name'\n\t\t\t\t>Name<span>(erforderlich)<\/span><\/label>\n<input\n\t\t\t\t\ttype='text'\n\t\t\t\t\tname='g5488-name'\n\t\t\t\t\tid='g5488-name'\n\t\t\t\t\tvalue=''\n\t\t\t\t\tclass='name' \n\t\t\t\t\trequired aria-required='true'\n\t\t\t\t\/>\n\t<\/div>\n\n<div class='grunion-field-wrap grunion-field-email-wrap'  >\n<label\n\t\t\t\tfor='g5488-email'\n\t\t\t\tclass='grunion-field-label email'\n\t\t\t\t>E-Mail<span>(erforderlich)<\/span><\/label>\n<input\n\t\t\t\t\ttype='email'\n\t\t\t\t\tname='g5488-email'\n\t\t\t\t\tid='g5488-email'\n\t\t\t\t\tvalue=''\n\t\t\t\t\tclass='email' \n\t\t\t\t\trequired aria-required='true'\n\t\t\t\t\/>\n\t<\/div>\n\n<div class='grunion-field-wrap grunion-field-text-wrap'  >\n<label\n\t\t\t\tfor='g5488-buchbcherbitteartikelnummerangeben'\n\t\t\t\tclass='grunion-field-label text'\n\t\t\t\t>Buch \/ B\u00fccher (Bitte Artikelnummer angeben!)<\/label>\n<input\n\t\t\t\t\ttype='text'\n\t\t\t\t\tname='g5488-buchbcherbitteartikelnummerangeben'\n\t\t\t\t\tid='g5488-buchbcherbitteartikelnummerangeben'\n\t\t\t\t\tvalue=''\n\t\t\t\t\tclass='text' \n\t\t\t\t\t\n\t\t\t\t\/>\n\t<\/div>\n\n<div class='grunion-field-wrap grunion-field-textarea-wrap'  >\n<label\n\t\t\t\tfor='contact-form-comment-g5488-kommentar'\n\t\t\t\tclass='grunion-field-label textarea'\n\t\t\t\t>Kommentar<span>(erforderlich)<\/span><\/label>\n<textarea\n\t\t                name='g5488-kommentar'\n\t\t                id='contact-form-comment-g5488-kommentar'\n\t\t                rows='20' class='textarea'  required aria-required='true'><\/textarea>\n\t<\/div>\n\t<p class='contact-submit'>\n\t\t<button type='submit' class='pushbutton-wide'>Senden<\/button>\t\t<input type='hidden' name='contact-form-id' value='5488' \/>\n\t\t<input type='hidden' name='action' value='grunion-contact-form' \/>\n\t\t<input type='hidden' name='contact-form-hash' value='7931b8becd966bd9ee2f44e75ee4dd102a9546ef' \/>\n\t<\/p>\n<\/form>\n<\/div>\n","protected":false},"excerpt":{"rendered":"<p>B\u00fccher \u00c4sthetik, Band 1: Photobuch Artikel: mb 12 Info: F\u00fcnf Interpretationen zur Kunst unserer Zeit. Jahr: 2005 Umfang: 152 Seiten Preis: 28,50 Euro (Hardcover) Kaufoptionen: bestellen Sie das Buch bei uns! ISBN 3-8334-4021-X Ebook: nein Das \u00e4gyptische Boot \/ Tr\u00fcmmer, Bild und Kreis (Kalifornien) Info: Der Text liegt auch als H\u00f6rbuch I vor (vgl. Matutina Music). Jahr: 2005 Umfang: Preis:&#46;&#46;&#46;<\/p>\n","protected":false},"author":1,"featured_media":0,"parent":5442,"menu_order":0,"comment_status":"closed","ping_status":"closed","template":"","meta":{"spay_email":"","footnotes":""},"class_list":["post-5488","page","type-page","status-publish","hentry"],"jetpack_shortlink":"https:\/\/wp.me\/P4WFkG-1qw","jetpack_sharing_enabled":true,"_links":{"self":[{"href":"https:\/\/edition-weissenburg.de\/blog\/index.php?rest_route=\/wp\/v2\/pages\/5488"}],"collection":[{"href":"https:\/\/edition-weissenburg.de\/blog\/index.php?rest_route=\/wp\/v2\/pages"}],"about":[{"href":"https:\/\/edition-weissenburg.de\/blog\/index.php?rest_route=\/wp\/v2\/types\/page"}],"author":[{"embeddable":true,"href":"https:\/\/edition-weissenburg.de\/blog\/index.php?rest_route=\/wp\/v2\/users\/1"}],"replies":[{"embeddable":true,"href":"https:\/\/edition-weissenburg.de\/blog\/index.php?rest_route=%2Fwp%2Fv2%2Fcomments&post=5488"}],"version-history":[{"count":43,"href":"https:\/\/edition-weissenburg.de\/blog\/index.php?rest_route=\/wp\/v2\/pages\/5488\/revisions"}],"predecessor-version":[{"id":10973,"href":"https:\/\/edition-weissenburg.de\/blog\/index.php?rest_route=\/wp\/v2\/pages\/5488\/revisions\/10973"}],"up":[{"embeddable":true,"href":"https:\/\/edition-weissenburg.de\/blog\/index.php?rest_route=\/wp\/v2\/pages\/5442"}],"wp:attachment":[{"href":"https:\/\/edition-weissenburg.de\/blog\/index.php?rest_route=%2Fwp%2Fv2%2Fmedia&parent=5488"}],"curies":[{"name":"wp","href":"https:\/\/api.w.org\/{rel}","templated":true}]}}