{"id":5495,"date":"2016-04-11T10:16:24","date_gmt":"2016-04-11T10:16:24","guid":{"rendered":"http:\/\/edition-weissenburg.de\/blog\/?page_id=5495"},"modified":"2016-11-17T13:05:12","modified_gmt":"2016-11-17T13:05:12","slug":"matutina-music","status":"publish","type":"page","link":"https:\/\/edition-weissenburg.de\/blog\/?page_id=5495&lang=de","title":{"rendered":"Matutina Music"},"content":{"rendered":"<p><a href=\"http:\/\/edition-weissenburg.de\/blog\/?page_id=5442&amp;lang=de\">\u21d0<\/a><\/p>\n<table style=\"border-color: #0e57b5; background-color: #f0f0f0;\" border=\"2\">\n<tbody>\n<tr>\n<td><strong>Musik-CDs<\/strong><\/td>\n<td><strong>Musik-DVDs<\/strong><\/td>\n<\/tr>\n<tr>\n<td><a href=\"http:\/\/edition-weissenburg.de\/blog\/?page_id=5578&amp;lang=de\">Musica Matutina<\/a><br \/>\n<span class=\"Tabellenk\u00f6rper-C-C0\">Zyklus f\u00fcr vier, drei, zwei und einen Streicher<\/span><\/td>\n<td><a href=\"http:\/\/edition-weissenburg.de\/blog\/?page_id=5643&amp;lang=de\"><span class=\"Tabellenk\u00f6rper-C\">Po\u00e8me vid\u00e9ophonique f\u00fcr Streichquartett<\/span><\/a><br \/>\nTanz: Sara Schemann<br \/>\nPo\u00e8me vid\u00e9ophonique: Maciej Wlaczak<\/td>\n<\/tr>\n<tr>\n<td><span class=\"Tabellenk\u00f6rper-C\"><a href=\"http:\/\/edition-weissenburg.de\/blog\/?page_id=5580&amp;lang=de\">Album f\u00fcr die Jugend<\/a><br \/>\n<\/span><span class=\"Tabellenk\u00f6rper-C-C0\">12 Klavierst\u00fccke f\u00fcr Jugendliche und jung Gebliebene jeden Alters<\/span><\/td>\n<td><a href=\"http:\/\/edition-weissenburg.de\/blog\/?page_id=5646&amp;lang=de\">Salve Regina<\/a><br \/>\nPo\u00e8me vid\u00e9ophonique f\u00fcr Violine solo<br \/>\nPo\u00e8me vid\u00e9ophonique: Maciej Wlaczak<\/td>\n<\/tr>\n<tr>\n<td><span class=\"Tabellenk\u00f6rper-C\"><a href=\"http:\/\/edition-weissenburg.de\/blog\/?page_id=5583&amp;lang=de\">Tanzmusik<\/a><br \/>\n<\/span><span class=\"Tabellenk\u00f6rper-C-C0\">4 Kompositionen zum Tanzen, Tr\u00e4umen und Meditieren<\/span><\/td>\n<td><\/td>\n<\/tr>\n<tr>\n<td><span class=\"Tabellenk\u00f6rper-C\"><a href=\"http:\/\/edition-weissenburg.de\/blog\/?page_id=5636&amp;lang=de\">Artissimo<\/a><br \/>\n<\/span><span class=\"Tabellenk\u00f6rper-C-C0\">4 Werke f\u00fcr Violine und Klavier unter franz\u00f6sischem Einfluss<\/span><\/td>\n<td><\/td>\n<\/tr>\n<tr>\n<td><a href=\"http:\/\/edition-weissenburg.de\/blog\/?page_id=5638&amp;lang=de\">Salve Regina<\/a><br \/>\nf\u00fcr Violine solo basierend auf einem gregorianischen Choral<\/td>\n<td><\/td>\n<\/tr>\n<tr>\n<td><a href=\"http:\/\/edition-weissenburg.de\/blog\/?page_id=5641&amp;lang=de\">H\u00f6rbuch I: Das \u00e4gyptische Boot<\/a><br \/>\nTr\u00fcmmer, Bild und Kreis (Kalifornien) (Zwei Reden)<\/td>\n<td><\/td>\n<\/tr>\n<\/tbody>\n<\/table>\n","protected":false},"excerpt":{"rendered":"<p>\u21d0 Musik-CDs Musik-DVDs Musica Matutina Zyklus f\u00fcr vier, drei, zwei und einen Streicher Po\u00e8me vid\u00e9ophonique f\u00fcr Streichquartett Tanz: Sara Schemann Po\u00e8me vid\u00e9ophonique: Maciej Wlaczak Album f\u00fcr die Jugend 12 Klavierst\u00fccke f\u00fcr Jugendliche und jung Gebliebene jeden Alters Salve Regina Po\u00e8me vid\u00e9ophonique f\u00fcr Violine solo Po\u00e8me vid\u00e9ophonique: Maciej Wlaczak Tanzmusik 4 Kompositionen zum Tanzen, Tr\u00e4umen und Meditieren Artissimo 4 Werke f\u00fcr&#46;&#46;&#46;<\/p>\n","protected":false},"author":1,"featured_media":0,"parent":5442,"menu_order":0,"comment_status":"closed","ping_status":"closed","template":"","meta":{"spay_email":"","footnotes":""},"class_list":["post-5495","page","type-page","status-publish","hentry"],"jetpack_shortlink":"https:\/\/wp.me\/P4WFkG-1qD","jetpack_sharing_enabled":true,"_links":{"self":[{"href":"https:\/\/edition-weissenburg.de\/blog\/index.php?rest_route=\/wp\/v2\/pages\/5495"}],"collection":[{"href":"https:\/\/edition-weissenburg.de\/blog\/index.php?rest_route=\/wp\/v2\/pages"}],"about":[{"href":"https:\/\/edition-weissenburg.de\/blog\/index.php?rest_route=\/wp\/v2\/types\/page"}],"author":[{"embeddable":true,"href":"https:\/\/edition-weissenburg.de\/blog\/index.php?rest_route=\/wp\/v2\/users\/1"}],"replies":[{"embeddable":true,"href":"https:\/\/edition-weissenburg.de\/blog\/index.php?rest_route=%2Fwp%2Fv2%2Fcomments&post=5495"}],"version-history":[{"count":12,"href":"https:\/\/edition-weissenburg.de\/blog\/index.php?rest_route=\/wp\/v2\/pages\/5495\/revisions"}],"predecessor-version":[{"id":8773,"href":"https:\/\/edition-weissenburg.de\/blog\/index.php?rest_route=\/wp\/v2\/pages\/5495\/revisions\/8773"}],"up":[{"embeddable":true,"href":"https:\/\/edition-weissenburg.de\/blog\/index.php?rest_route=\/wp\/v2\/pages\/5442"}],"wp:attachment":[{"href":"https:\/\/edition-weissenburg.de\/blog\/index.php?rest_route=%2Fwp%2Fv2%2Fmedia&parent=5495"}],"curies":[{"name":"wp","href":"https:\/\/api.w.org\/{rel}","templated":true}]}}