{"id":5546,"date":"2016-04-11T13:36:47","date_gmt":"2016-04-11T13:36:47","guid":{"rendered":"http:\/\/edition-weissenburg.de\/blog\/?page_id=5546"},"modified":"2023-12-30T19:46:01","modified_gmt":"2023-12-30T19:46:01","slug":"aesthetik-band-3-musikbuch","status":"publish","type":"page","link":"https:\/\/edition-weissenburg.de\/blog\/?page_id=5546&lang=de","title":{"rendered":"\u00c4sthetik, Band 3 \u201cMusikbuch\u201d"},"content":{"rendered":"<div>\n<p class=\"Textk\u00f6rper-P\"><a href=\"https:\/\/i0.wp.com\/edition-weissenburg.de\/blog\/wp-content\/uploads\/2016\/04\/Musikbuch_cover.jpg\"><img loading=\"lazy\" decoding=\"async\" src=\"https:\/\/i0.wp.com\/edition-weissenburg.de\/blog\/wp-content\/uploads\/2016\/04\/Musikbuch_cover-816x1024.jpg?resize=300%2C376\" class=\"alignright wp-image-5787\" alt=\"Musikbuch_cover\" width=\"300\" height=\"376\" srcset=\"https:\/\/i0.wp.com\/edition-weissenburg.de\/blog\/wp-content\/uploads\/2016\/04\/Musikbuch_cover.jpg?resize=816%2C1024&amp;ssl=1 816w, https:\/\/i0.wp.com\/edition-weissenburg.de\/blog\/wp-content\/uploads\/2016\/04\/Musikbuch_cover.jpg?resize=239%2C300&amp;ssl=1 239w, https:\/\/i0.wp.com\/edition-weissenburg.de\/blog\/wp-content\/uploads\/2016\/04\/Musikbuch_cover.jpg?resize=768%2C964&amp;ssl=1 768w, https:\/\/i0.wp.com\/edition-weissenburg.de\/blog\/wp-content\/uploads\/2016\/04\/Musikbuch_cover.jpg?w=1280&amp;ssl=1 1280w\" sizes=\"(max-width: 300px) 100vw, 300px\" data-recalc-dims=\"1\" \/><\/a><a href=\"http:\/\/edition-weissenburg.de\/blog\/?page_id=5488&#038;lang=de\">zur\u00fcck zur Liste:<\/a><\/p>\n<p class=\"Textk\u00f6rper-P\"><span class=\"Textk\u00f6rper-C-C0\"><strong>\u00c4sthetik, Band 3 \u201cMusikbuch\u201d<\/strong><\/span><\/p>\n<p class=\"Normal-P\"><span class=\"Normal-C-C0\">Reinhold Urmetzers dreib\u00e4ndige&nbsp; \u00c4 s t h e t i k&nbsp; erschlie\u00dft sich dem unbefangenen Leser nicht auf den ersten Blick &#8211;<\/span><span class=\"Normal-C-C0\"><wbr><\/span><span class=\"Normal-C-C0\"> sie steckt voller k\u00fcnstlerischer T\u00fccken und Geheimnisse. Explizit vermeiden es die drei B\u00e4nde \u00fcber Photographie, Malerei und Musik, dem Zeitgenossen im Sinne eines Lehrbuchs den Weg zu weisen, &#8220;wo&#8217;s lang geht mit der Kunst&#8221;. Implizit enth\u00e4lt das Werk gleichwohl zahlreiche Anregungen und Hinweise f\u00fcr ein zeitgem\u00e4\u00dfes Denken und eine zeitgen\u00f6ssische Kunst.Dass bei diesem Vorgehen gelegentlich die Grenze der Verst\u00e4ndlichkeit fast wie bei den Surrealisten oder Dadaisten \u00fcberschritten wird, scheint gewollt. Der Leser erh\u00e4lt im Gegenzug dazu jedoch \u00fcberraschende Einblicke, die sich gelegentlich voller Spott und Ironie, dann aber auch mit einer poetischen Fabulierkunst zeigen, wie sie im deutschsprachigen Raum gegenw\u00e4rtig eher selten anzutreffen ist.<\/span><\/p>\n<p class=\"Normal-P-P0\"><span class=\"Normal-C-C1\"><strong>Inhalt<\/strong><\/span><\/p>\n<p class=\"Normal-P-P0\" style=\"padding-left: 30px\"><span class=\"Normal-C-C2\"><strong>Das vergebliche Tummeln der Misst\u00f6ne in der Krise <\/strong><\/span><span class=\"Normal-C-C2\">\/7<br \/>\n&#8211;<\/span><span class=\"Normal-C-C2\"><wbr><\/span><span class=\"Normal-C-C2\">Gegenliebe \/9<br \/>\n&#8211;<\/span><span class=\"Normal-C-C2\"><wbr><\/span><span class=\"Normal-C-C2\">Die Ekstase der Neuen Musik und das Ausbrechen des ewigen Zeitalters \/21<br \/>\n<\/span><span class=\"Normal-C-C2\"><strong>Postmoderne<\/strong><\/span><span class=\"Normal-C-C2\"> \/43<br \/>\n&#8211;<\/span><span class=\"Normal-C-C2\"><wbr><\/span><span class=\"Normal-C-C2\">Der verbrauchte Blick \/45<br \/>\n&#8211;<\/span><span class=\"Normal-C-C2\"><wbr><\/span><span class=\"Normal-C-C2\">Die Stahlstadt \/59<br \/>\n&#8211;<\/span><span class=\"Normal-C-C2\"><wbr><\/span><span class=\"Normal-C-C2\">Das postmoderne Leuchten \/67<br \/>\n&#8211;<\/span><span class=\"Normal-C-C2\"><wbr><\/span><span class=\"Normal-C-C2\">Das pr\u00e4raffaelitische Leuchten \/77<br \/>\n<\/span><span class=\"Normal-C-C2\"><strong>Klavierspielen <\/strong><\/span><span class=\"Normal-C-C2\">\/83<br \/>\n&#8211;<\/span><span class=\"Normal-C-C2\"><wbr><\/span><span class=\"Normal-C-C2\">Die Infamie der zuk\u00fcnftigen Akademie und das Eisschlecken \/85<br \/>\n&#8211;<\/span><span class=\"Normal-C-C2\"><wbr><\/span><span class=\"Normal-C-C2\">Klavierspielen \/95<br \/>\n&#8211;<\/span><span class=\"Normal-C-C2\"><wbr><\/span><span class=\"Normal-C-C2\">Der Inquisitor (Die Kunstkritik) \/103<br \/>\n&#8211;<\/span><span class=\"Normal-C-C2\"><wbr><\/span><span class=\"Normal-C-C2\">Die Sprache der Gef\u00e4ngnisse \/115<br \/>\n&#8211;<\/span><span class=\"Normal-C-C2\"><wbr><\/span><span class=\"Normal-C-C2\">Die Erstarrung \/123<br \/>\n<\/span><span class=\"Normal-C-C2\"><strong>\u00d6l &#8211;<\/strong><\/span><span class=\"Normal-C-C2\"><strong><wbr><\/strong><\/span><span class=\"Normal-C-C2\"><strong> Was bleibt uns vom Absoluten?<\/strong><\/span><span class=\"Normal-C-C2\"> \/127<br \/>\n&#8211;<\/span><span class=\"Normal-C-C2\"><wbr><\/span><span class=\"Normal-C-C2\">Wenigstens zwei Bemerkungen zur Discokultur<br \/>\n&#8211;<\/span><span class=\"Normal-C-C2\"><wbr><\/span><span class=\"Normal-C-C2\">Die Maske: Stil und Dekor \/131<br \/>\n&#8211;<\/span><span class=\"Normal-C-C2\"><wbr><\/span><span class=\"Normal-C-C2\">Die Sprache der Rockmusik \/139<br \/>\n&#8211;<\/span><span class=\"Normal-C-C2\"><wbr><\/span><span class=\"Normal-C-C2\">Das Tanzen \/149<br \/>\n<\/span><span class=\"Normal-C-C2\"><strong>\u00dcber Stil, K\u00fcnstlichkeit und Spiel<\/strong><\/span><span class=\"Normal-C-C0\"> \/155<br \/>\n&#8211;<\/span><span class=\"Normal-C-C0\"><wbr><\/span><span class=\"Normal-C-C0\">Stil und Spiel \/157<br \/>\n&#8211;<\/span><span class=\"Normal-C-C0\"><wbr><\/span><span class=\"Normal-C-C0\">Musik \/175<br \/>\n&#8211;<\/span><span class=\"Normal-C-C0\"><wbr><\/span><span class=\"Normal-C-C0\">K\u00fcnstlichkeit \/199<br \/>\n&#8211;<\/span><span class=\"Normal-C-C0\"><wbr><\/span><span class=\"Normal-C-C0\">Die Isosthenie der Wahrheit \/207<\/span><\/p>\n<\/div>\n<table id=\"table_4\" style=\"width: 534px\" cellspacing=\"0\" cellpadding=\"0\">\n<colgroup>\n<col>\n<col>\n<col>\n<col><\/colgroup>\n<tbody>\n<tr>\n<td style=\"width: 244px\">\n<p class=\"Wp-Normal-P\"><span class=\"Normal-C\"><strong>ISBN-<wbr>10:<\/strong> 3-<wbr>8391-<wbr>9496-<wbr>2<\/span><\/p>\n<\/td>\n<td style=\"width: 134px\">\n<p class=\"Wp-Tabellenk\u00f6rper-P\"><span class=\"Tabellenk\u00f6rper-C-C0\"><strong>Auflage:<\/strong> 1. Auflage<\/span><\/p>\n<\/td>\n<td style=\"width: 111px\">\n<p class=\"Wp-Tabellenk\u00f6rper-P\"><span class=\"Tabellenk\u00f6rper-C-C0\"><strong>Preis:<\/strong> 38,50<\/span><\/p>\n<\/td>\n<\/tr>\n<tr>\n<td style=\"width: 244px\">\n<p class=\"Wp-Normal-P\"><span class=\"Normal-C\"><strong>EAN:<\/strong> 9783839194966<\/span><\/p>\n<\/td>\n<td style=\"width: 134px\">\n<p class=\"Wp-Tabellenk\u00f6rper-P\"><span class=\"Tabellenk\u00f6rper-C-C0\"><strong>Seiten:<\/strong> 232<\/span><\/p>\n<\/td>\n<td style=\"width: 111px\"><\/td>\n<\/tr>\n<tr>\n<td style=\"width: 244px\">\n<p class=\"Wp-Normal-P\"><span class=\"Normal-C\"><strong>Erscheinungstermin:<\/strong> 29.12.2010<\/span><\/p>\n<\/td>\n<td style=\"width: 134px\">\n<p class=\"Wp-Tabellenk\u00f6rper-P\"><span class=\"Tabellenk\u00f6rper-C-C0\"><strong>Gewicht:<\/strong> 451 g<\/span><\/p>\n<\/td>\n<td style=\"width: 111px\"><\/td>\n<\/tr>\n<tr>\n<td style=\"width: 244px\">\n<p class=\"Wp-Normal-P\"><span class=\"Normal-C\"><strong>Verlag:<\/strong> Books on Demand<\/span><\/p>\n<\/td>\n<td style=\"width: 134px\">\n<p class=\"Wp-Tabellenk\u00f6rper-P\"><span class=\"Tabellenk\u00f6rper-C-C0\"><strong>L\u00e4nge:<\/strong> 210 mm<\/span><\/p>\n<\/td>\n<td style=\"width: 111px\"><\/td>\n<\/tr>\n<tr>\n<td style=\"width: 244px\">\n<p class=\"Wp-Normal-P\"><span class=\"Normal-C\"><strong>Einband:<\/strong> gebunden<\/span><\/p>\n<\/td>\n<td style=\"width: 134px\">\n<p class=\"Wp-Tabellenk\u00f6rper-P\"><span class=\"Tabellenk\u00f6rper-C-C0\"><strong>Breite:<\/strong> 148 mm<\/span><\/p>\n<\/td>\n<td style=\"width: 111px\"><\/td>\n<\/tr>\n<tr>\n<td style=\"width: 244px\">\n<p class=\"Wp-Tabellenk\u00f6rper-P\"><span class=\"Tabellenk\u00f6rper-C-C0\"><strong>Sprache:<\/strong> Deutsch<\/span><\/p>\n<\/td>\n<td style=\"width: 134px\">\n<p class=\"Wp-Tabellenk\u00f6rper-P\"><span class=\"Tabellenk\u00f6rper-C-C0\"><strong>H\u00f6he:<\/strong> 19 mm<\/span><\/p>\n<\/td>\n<td style=\"width: 111px\"><\/td>\n<\/tr>\n<\/tbody>\n<\/table>\n","protected":false},"excerpt":{"rendered":"<p>zur\u00fcck zur Liste: \u00c4sthetik, Band 3 \u201cMusikbuch\u201d Reinhold Urmetzers dreib\u00e4ndige&nbsp; \u00c4 s t h e t i k&nbsp; erschlie\u00dft sich dem unbefangenen Leser nicht auf den ersten Blick &#8211; sie steckt voller k\u00fcnstlerischer T\u00fccken und Geheimnisse. Explizit vermeiden es die drei B\u00e4nde \u00fcber Photographie, Malerei und Musik, dem Zeitgenossen im Sinne eines Lehrbuchs den Weg zu weisen, &#8220;wo&#8217;s lang geht&#46;&#46;&#46;<\/p>\n","protected":false},"author":1,"featured_media":0,"parent":5488,"menu_order":0,"comment_status":"closed","ping_status":"closed","template":"","meta":{"spay_email":"","footnotes":""},"class_list":["post-5546","page","type-page","status-publish","hentry"],"jetpack_shortlink":"https:\/\/wp.me\/P4WFkG-1rs","jetpack_sharing_enabled":true,"_links":{"self":[{"href":"https:\/\/edition-weissenburg.de\/blog\/index.php?rest_route=\/wp\/v2\/pages\/5546"}],"collection":[{"href":"https:\/\/edition-weissenburg.de\/blog\/index.php?rest_route=\/wp\/v2\/pages"}],"about":[{"href":"https:\/\/edition-weissenburg.de\/blog\/index.php?rest_route=\/wp\/v2\/types\/page"}],"author":[{"embeddable":true,"href":"https:\/\/edition-weissenburg.de\/blog\/index.php?rest_route=\/wp\/v2\/users\/1"}],"replies":[{"embeddable":true,"href":"https:\/\/edition-weissenburg.de\/blog\/index.php?rest_route=%2Fwp%2Fv2%2Fcomments&post=5546"}],"version-history":[{"count":6,"href":"https:\/\/edition-weissenburg.de\/blog\/index.php?rest_route=\/wp\/v2\/pages\/5546\/revisions"}],"predecessor-version":[{"id":12981,"href":"https:\/\/edition-weissenburg.de\/blog\/index.php?rest_route=\/wp\/v2\/pages\/5546\/revisions\/12981"}],"up":[{"embeddable":true,"href":"https:\/\/edition-weissenburg.de\/blog\/index.php?rest_route=\/wp\/v2\/pages\/5488"}],"wp:attachment":[{"href":"https:\/\/edition-weissenburg.de\/blog\/index.php?rest_route=%2Fwp%2Fv2%2Fmedia&parent=5546"}],"curies":[{"name":"wp","href":"https:\/\/api.w.org\/{rel}","templated":true}]}}