{"id":5550,"date":"2016-04-11T13:42:54","date_gmt":"2016-04-11T13:42:54","guid":{"rendered":"http:\/\/edition-weissenburg.de\/blog\/?page_id=5550"},"modified":"2020-09-16T10:27:23","modified_gmt":"2020-09-16T10:27:23","slug":"ueber-die-sinnfrage","status":"publish","type":"page","link":"https:\/\/edition-weissenburg.de\/blog\/?page_id=5550&lang=de","title":{"rendered":"\u00dcber die Sinnfrage"},"content":{"rendered":"<div>\n<p class=\"Textk\u00f6rper-P\"><a href=\"https:\/\/i1.wp.com\/edition-weissenburg.de\/blog\/wp-content\/uploads\/2016\/04\/Ueber_die_Sinnfrage_cover.jpg\"><img loading=\"lazy\" decoding=\"async\" src=\"https:\/\/i2.wp.com\/edition-weissenburg.de\/blog\/wp-content\/uploads\/2016\/04\/Ueber_die_Sinnfrage_cover-648x1024.jpg?resize=300%2C474\" class=\"alignright wp-image-5784\" alt=\"Ueber_die_Sinnfrage_cover\" width=\"300\" height=\"474\" srcset=\"https:\/\/i1.wp.com\/edition-weissenburg.de\/blog\/wp-content\/uploads\/2016\/04\/Ueber_die_Sinnfrage_cover.jpg?resize=648%2C1024&amp;ssl=1 648w, https:\/\/i1.wp.com\/edition-weissenburg.de\/blog\/wp-content\/uploads\/2016\/04\/Ueber_die_Sinnfrage_cover.jpg?resize=190%2C300&amp;ssl=1 190w, https:\/\/i1.wp.com\/edition-weissenburg.de\/blog\/wp-content\/uploads\/2016\/04\/Ueber_die_Sinnfrage_cover.jpg?w=708&amp;ssl=1 708w\" sizes=\"(max-width: 300px) 100vw, 300px\" data-recalc-dims=\"1\" \/><\/a><a href=\"http:\/\/edition-weissenburg.de\/blog\/?page_id=5488&#038;lang=de\">zur\u00fcck zur Liste:<\/a><\/p>\n<p class=\"Textk\u00f6rper-P\"><span class=\"Textk\u00f6rper-C-C0\"><strong>\u00dcber die Sinnfrage<\/strong><\/span><\/p>\n<p class=\"Normal-P\"><span class=\"Normal-C-C0\">\u201e\u00dcber die Sinnfrage\u201c ist eine Einf\u00fchrung ins Philosophieren. Nicht im Sinne einer Fach-<\/span><span class=\"Normal-C-C0\"><wbr><\/span><span class=\"Normal-C-C0\"> oder Geschichtswissenschaft mit einem einheitlich definierten Spezialvokabular, das m\u00fchsam zu erlernen w\u00e4re. Auch nicht auf ein Ziel hin, das m\u00fchsam zu erreichen oder wegen einer Antwort, die leicht zu finden w\u00e4re. Sondern im Sinne einer Publikation, die das Ganze im Auge beh\u00e4lt, wie es sich heute international und jenseits der fachspezifischen Zirkel dem Denken gegen\u00fcber darstellt. Also vielf\u00e4ltig und mit Querbez\u00fcgen, Abschweifungen, mit R\u00fcckblicken bis in die Antike und Neuentdeckungen. Dass dabei eine manchmal wenig kompatible Mixtur von unterschiedlichsten Sprachen, Ideen und Sichtweisen zustande kommen muss, scheint unausweichlich.<\/span><\/p>\n<p class=\"Normal-P\"><span class=\"Normal-C-C0\">Das Buch ist aus einem konkreten Anlass heraus entstanden und es richtet sich deshalb sehr deutlich auch an diese Auftraggeber. Das bedeutet, es bespricht immer wieder Themen und Fragestellungen, die konkret mit dieser Welt, diesen Tr\u00e4umen, Lebensformen, mit Einw\u00e4nden und konkreten Antworten zu tun haben. Und es gibt etliche Verweise (nicht zu viele) auf andere B\u00fccher. Wer will, kann die eine oder die andere dort angegebene Spur weiter verfolgen, dar\u00fcber nachdenken, sie gut oder abwegig finden und so fort. Beides w\u00e4re, so denke ich zumindest, ein Gewinn.<\/span><\/p>\n<p class=\"Normal-P-P0\"><span class=\"Normal-C-C1\"><strong>Inhalt<\/strong><\/span><\/p>\n<p class=\"Normal-P-P0\" style=\"padding-left: 30px\"><span class=\"Normal-C-C2\"><strong>Vorwort<\/strong><\/span><span class=\"Normal-C-C2\"> \/7<br \/>\n<\/span><span class=\"Normal-C-C2\"><strong>1. Jugend<\/strong><\/span><span class=\"Normal-C-C2\"> \/11<br \/>\n<\/span><span class=\"Normal-C-C2\"><strong> 2. Platon &#8211;<\/strong><\/span><span class=\"Normal-C-C2\"><strong><wbr><\/strong><\/span><span class=\"Normal-C-C2\"><strong> Das Gute<\/strong><\/span><span class=\"Normal-C-C2\"> \/21<br \/>\nExkurs: Lust \/33<br \/>\n<\/span><span class=\"Normal-C-C2\"><strong> 3. Das Pluriversum<\/strong><\/span><span class=\"Normal-C-C2\"> \/45<br \/>\n<\/span><span class=\"Normal-C-C2\"><strong> 4. In der Fremde<\/strong><\/span><span class=\"Normal-C-C2\"> \/63<br \/>\na) Heidegger &#8211;<\/span><span class=\"Normal-C-C2\"><wbr><\/span><span class=\"Normal-C-C2\"> Sinn und Sein \/63<br \/>\nb) Camus &#8211;<\/span><span class=\"Normal-C-C2\"><wbr><\/span><span class=\"Normal-C-C2\"> Der Fremde \/70<br \/>\n<\/span><span class=\"Normal-C-C2\"><strong> 5. Pascal Lesen<\/strong><\/span><span class=\"Normal-C-C2\"> \/83<br \/>\n<\/span><span class=\"Normal-C-C2\"><strong> Anhang: Engel aus Feuer und Eis<\/strong><\/span><span class=\"Normal-C-C2\"> \/115<br \/>\n<\/span><span class=\"Normal-C-C2\"><strong> Anmerkungen<\/strong><\/span><span class=\"Normal-C-C2\"> \/121<br \/>\n<\/span><span class=\"Normal-C-C2\"><strong> Literaturhinweise<\/strong><\/span><span class=\"Normal-C-C2\"> \/129<\/span><\/p>\n<\/div>\n<table id=\"table_4\" style=\"width: 656px\" cellspacing=\"0\" cellpadding=\"0\">\n<colgroup>\n<col>\n<col>\n<col>\n<col><\/colgroup>\n<tbody>\n<tr>\n<td style=\"width: 229px\">\n<p class=\"Wp-Normal-P\"><span class=\"Normal-C\"><strong>ISBN-<wbr>10:<\/strong> 3000345477<\/span><\/p>\n<\/td>\n<td style=\"width: 135px\">\n<p class=\"Wp-Tabellenk\u00f6rper-P\"><span class=\"Tabellenk\u00f6rper-C-C0\">Auflage: 1. Auflage<\/span><\/p>\n<\/td>\n<td style=\"width: 238px\">\n<p class=\"Wp-Tabellenk\u00f6rper-P\"><span class=\"Tabellenk\u00f6rper-C-C0\"><strong>Preis:<\/strong> 14,50 (Buch)\/9,77 (E-<wbr>book)<\/span><\/p>\n<\/td>\n<\/tr>\n<tr>\n<td style=\"width: 229px\">\n<p class=\"Wp-Normal-P\"><span class=\"Normal-C\"><strong>EAN:<\/strong> 978-<wbr>3000345470<\/span><\/p>\n<\/td>\n<td style=\"width: 135px\">\n<p class=\"Wp-Tabellenk\u00f6rper-P\"><span class=\"Tabellenk\u00f6rper-C-C0\">Seiten: 138<\/span><\/p>\n<\/td>\n<td style=\"width: 238px\"><\/td>\n<\/tr>\n<tr>\n<td style=\"width: 229px\">\n<p class=\"Wp-Normal-P\"><span class=\"Normal-C\"><strong>Erscheinungstermin:<\/strong> 10.2011<\/span><\/p>\n<\/td>\n<td style=\"width: 135px\">\n<p class=\"Wp-Tabellenk\u00f6rper-P\"><span class=\"Tabellenk\u00f6rper-C-C0\">Gewicht: 150 g<\/span><\/p>\n<\/td>\n<td style=\"width: 238px\">\n<p class=\"Wp-Tabellenk\u00f6rper-P\"><strong><span class=\"Tabellenk\u00f6rper-C-C0\">Weitere Bezugsquellen:<\/span><\/strong><\/p>\n<\/td>\n<\/tr>\n<tr>\n<td style=\"width: 229px\">\n<p class=\"Wp-Normal-P\"><span class=\"Normal-C\"><strong>Verlag:<\/strong> Books on Demand<\/span><\/p>\n<\/td>\n<td style=\"width: 135px\">\n<p class=\"Wp-Tabellenk\u00f6rper-P\"><span class=\"Tabellenk\u00f6rper-C-C0\">L\u00e4nge: 196 mm<\/span><\/p>\n<\/td>\n<td style=\"width: 238px\">\n<p class=\"Wp-Tabellenk\u00f6rper-P\"><span class=\"Tabellenk\u00f6rper-C-C0\"><a href=\"http:\/\/www.amazon.de\/%C3%9Cber-die-Sinnfrage-Reinhold-Urmetzer\/dp\/3000345477\/ref=tmm_pap_title_0?ie=UTF8&#038;qid=1380884901&#038;sr=1-3\">Amazon<\/a> (gebunden)<\/span><\/p>\n<\/td>\n<\/tr>\n<tr>\n<td style=\"width: 229px\">\n<p class=\"Wp-Normal-P\"><span class=\"Normal-C\"><strong>Einband:<\/strong> Taschenbuch<\/span><\/p>\n<\/td>\n<td style=\"width: 135px\">\n<p class=\"Wp-Tabellenk\u00f6rper-P\"><span class=\"Tabellenk\u00f6rper-C-C0\">Breite: 128 mm<\/span><\/p>\n<\/td>\n<td style=\"width: 238px\">\n<p class=\"Wp-Tabellenk\u00f6rper-P\"><span class=\"Tabellenk\u00f6rper-C-C0\"><a href=\"http:\/\/www.amazon.de\/%C3%9Cber-die-Sinnfrage-ebook\/dp\/B007N6XTH0\/ref=sr_1_3?ie=UTF8&#038;qid=1335473229&#038;sr=8-3\">Amazon<\/a> (Ebook-<wbr>Kindle)<\/span><\/p>\n<\/td>\n<\/tr>\n<tr>\n<td style=\"width: 229px\">\n<p class=\"Wp-Tabellenk\u00f6rper-P\"><span class=\"Tabellenk\u00f6rper-C-C0\"><strong>Sprache:<\/strong> Deutsch<\/span><\/p>\n<\/td>\n<td style=\"width: 135px\">\n<p class=\"Wp-Tabellenk\u00f6rper-P\"><span class=\"Tabellenk\u00f6rper-C-C0\">H\u00f6he: 12 mm<\/span><\/p>\n<\/td>\n<td style=\"width: 238px\"><\/td>\n<\/tr>\n<\/tbody>\n<\/table>\n","protected":false},"excerpt":{"rendered":"<p>zur\u00fcck zur Liste: \u00dcber die Sinnfrage \u201e\u00dcber die Sinnfrage\u201c ist eine Einf\u00fchrung ins Philosophieren. Nicht im Sinne einer Fach- oder Geschichtswissenschaft mit einem einheitlich definierten Spezialvokabular, das m\u00fchsam zu erlernen w\u00e4re. Auch nicht auf ein Ziel hin, das m\u00fchsam zu erreichen oder wegen einer Antwort, die leicht zu finden w\u00e4re. Sondern im Sinne einer Publikation, die das Ganze im Auge&#46;&#46;&#46;<\/p>\n","protected":false},"author":1,"featured_media":0,"parent":5488,"menu_order":0,"comment_status":"closed","ping_status":"closed","template":"","meta":{"spay_email":"","footnotes":""},"class_list":["post-5550","page","type-page","status-publish","hentry"],"jetpack_shortlink":"https:\/\/wp.me\/P4WFkG-1rw","jetpack_sharing_enabled":true,"_links":{"self":[{"href":"https:\/\/edition-weissenburg.de\/blog\/index.php?rest_route=\/wp\/v2\/pages\/5550"}],"collection":[{"href":"https:\/\/edition-weissenburg.de\/blog\/index.php?rest_route=\/wp\/v2\/pages"}],"about":[{"href":"https:\/\/edition-weissenburg.de\/blog\/index.php?rest_route=\/wp\/v2\/types\/page"}],"author":[{"embeddable":true,"href":"https:\/\/edition-weissenburg.de\/blog\/index.php?rest_route=\/wp\/v2\/users\/1"}],"replies":[{"embeddable":true,"href":"https:\/\/edition-weissenburg.de\/blog\/index.php?rest_route=%2Fwp%2Fv2%2Fcomments&post=5550"}],"version-history":[{"count":5,"href":"https:\/\/edition-weissenburg.de\/blog\/index.php?rest_route=\/wp\/v2\/pages\/5550\/revisions"}],"predecessor-version":[{"id":10334,"href":"https:\/\/edition-weissenburg.de\/blog\/index.php?rest_route=\/wp\/v2\/pages\/5550\/revisions\/10334"}],"up":[{"embeddable":true,"href":"https:\/\/edition-weissenburg.de\/blog\/index.php?rest_route=\/wp\/v2\/pages\/5488"}],"wp:attachment":[{"href":"https:\/\/edition-weissenburg.de\/blog\/index.php?rest_route=%2Fwp%2Fv2%2Fmedia&parent=5550"}],"curies":[{"name":"wp","href":"https:\/\/api.w.org\/{rel}","templated":true}]}}