{"id":5552,"date":"2016-04-11T13:44:50","date_gmt":"2016-04-11T13:44:50","guid":{"rendered":"http:\/\/edition-weissenburg.de\/blog\/?page_id=5552"},"modified":"2023-12-30T19:34:18","modified_gmt":"2023-12-30T19:34:18","slug":"landschaft-mit-martyrium-der-heiligen-katharina","status":"publish","type":"page","link":"https:\/\/edition-weissenburg.de\/blog\/?page_id=5552&lang=de","title":{"rendered":"Landschaft mit Martyrium der heiligen Katharina (Buch)"},"content":{"rendered":"<div>\n<p class=\"Textk\u00f6rper-P\"><a href=\"https:\/\/i0.wp.com\/edition-weissenburg.de\/blog\/wp-content\/uploads\/2016\/04\/cover_landschaft.jpg\"><img loading=\"lazy\" decoding=\"async\" src=\"https:\/\/i0.wp.com\/edition-weissenburg.de\/blog\/wp-content\/uploads\/2016\/04\/cover_landschaft-641x1024.jpg?resize=300%2C480\" class=\"alignright wp-image-5779\" alt=\"cover_landschaft\" width=\"300\" height=\"480\" srcset=\"https:\/\/i0.wp.com\/edition-weissenburg.de\/blog\/wp-content\/uploads\/2016\/04\/cover_landschaft.jpg?resize=641%2C1024&amp;ssl=1 641w, https:\/\/i0.wp.com\/edition-weissenburg.de\/blog\/wp-content\/uploads\/2016\/04\/cover_landschaft.jpg?resize=188%2C300&amp;ssl=1 188w, https:\/\/i0.wp.com\/edition-weissenburg.de\/blog\/wp-content\/uploads\/2016\/04\/cover_landschaft.jpg?w=700&amp;ssl=1 700w\" sizes=\"(max-width: 300px) 100vw, 300px\" data-recalc-dims=\"1\" \/><\/a><a href=\"http:\/\/edition-weissenburg.de\/blog\/?page_id=5488&#038;lang=de\">zur\u00fcck zur Liste:<\/a><\/p>\n<p class=\"Textk\u00f6rper-P\"><span class=\"Textk\u00f6rper-C-C0\"><strong>Landschaft mit Martyrium der heiligen Katharina<\/strong><\/span><\/p>\n<p class=\"Normal-P\"><span class=\"Normal-C-C0\">Ein junges Ehepaar hatte mich auf dem Lissabonner Flugplatz in arge Verlegenheit gebracht. Wie sollte ich ihm Auskunft geben \u00fcber den Inhalt des vorliegenden Buches? \u2013 Ob es ein Roman sei, wurde ich befragt, um was es sich handele, ein Sachbuch \u00fcber den Jakobsweg, ein Reisef\u00fchrer, ein Essay?<\/span><\/p>\n<p class=\"Normal-P\"><span class=\"Normal-C-C0\">Nein, antwortete ich, es ist kein Roman, kein Sachbuch, kein Essay. Eher die Umkreisung eines Themas, das mir sehr wichtig ist, auch was das Denken, Lesen und Interpretieren betrifft. Das Reden, Sprechen \u2013 oder besser gesagt das Nichtreden, Nichtsprechen \u2013 steht parallel zu einer Beschreibung des Jakobswegs im Mittelpunkt der Er\u00f6rterungen.<\/span><\/p>\n<p class=\"Normal-P\"><span class=\"Normal-C-C0\">Es geht auch weniger um den Feminismus, um die Befreiung der Frau aus den F\u00e4ngen des Mannes und seines Denkens. Zwar steht im Mittelpunkt aller Bem\u00fchungen eine Frau. Doch ob das vorliegende Buch nur ein sprachphilosophisches Problem behandelt, das vom M\u00e4nner-<\/span><span class=\"Normal-C-C0\"><wbr><\/span><span class=\"Normal-C-C0\">Denken bestimmt wird, wage ich zu bezweifeln.<\/span><\/p>\n<p class=\"Normal-P\"><span class=\"Normal-C-C0\">Einen positiven Ausgang aus dem Labyrinth der Gedanken, Andeutungen und Paradoxien gibt es dennoch: Das \u201eDenken des Denkens\u201c wird gepflegt. Nach Aristoteles ist dies die vornehmste Aufgabe der Philosophie. Es wird ge\u00fcbt immer wieder und immer wieder auch in Frage gestellt.<\/span><\/p>\n<p class=\"Normal-P-P0\"><span class=\"Normal-C-C1\"><strong>Inhalt<\/strong><\/span><\/p>\n<p class=\"Normal-P-P0\" style=\"padding-left: 30px\"><span class=\"Normal-C-C2\"><strong>Vorwort<\/strong><\/span><span class=\"Normal-C-C2\"> \/7<br \/>\n<\/span><span class=\"Normal-C-C2\"><strong> Einf\u00fchrung<\/strong><\/span><span class=\"Normal-C-C2\"> \/11<br \/>\n<\/span><span class=\"Normal-C-C2\"><strong> I Roncesvalles<\/strong><\/span><span class=\"Normal-C-C2\"><strong> \u2013 Das Wort<\/strong><\/span><span class=\"Normal-C-C2\"> \/17<br \/>\n<\/span><span class=\"Normal-C-C2\"><strong> II Pamplona<\/strong><\/span><span class=\"Normal-C-C2\"><strong> \u2013 Das Sprechen<\/strong><\/span><span class=\"Normal-C-C2\"> \/25<br \/>\n<\/span><span class=\"Normal-C-C2\"><strong> III Puenta la Reina<\/strong><\/span><span class=\"Normal-C-C2\"><strong> \u2013 Das Warten (Fragment)<\/strong><\/span><span class=\"Normal-C-C2\"> \/33<br \/>\n<\/span><span class=\"Normal-C-C2\"><strong> IV Estella la Bella<\/strong><\/span><span class=\"Normal-C-C2\"><strong> \u2013 Das Sehen<\/strong><\/span><span class=\"Normal-C-C2\"> \/39<br \/>\n<\/span><span class=\"Normal-C-C2\"><strong> V San Millan de la Cogolla<\/strong><\/span><span class=\"Normal-C-C2\"><strong> \u2013 Das Ich<\/strong><\/span><span class=\"Normal-C-C2\"> \/43<br \/>\n<\/span><span class=\"Normal-C-C2\"><strong> VI Santo Domingo de la Calzada<\/strong><\/span><span class=\"Normal-C-C2\"><strong> \u2013 Das Wunder<\/strong><\/span><span class=\"Normal-C-C2\"> \/49<br \/>\n<\/span><span class=\"Normal-C-C2\"><strong> VII Burgos<\/strong><\/span><span class=\"Normal-C-C2\"><strong> \u2013 Die Begegnung<\/strong><\/span><span class=\"Normal-C-C2\"> \/59<br \/>\n<\/span><span class=\"Normal-C-C2\"><strong> VIII Carrion de los Condes<\/strong><\/span><span class=\"Normal-C-C2\"><strong> \u2013 Das Geschenk<\/strong><\/span><span class=\"Normal-C-C2\"> \/71<br \/>\n<\/span><span class=\"Normal-C-C2\"><strong> IX Boadilla del Camino<\/strong><\/span><span class=\"Normal-C-C2\"><strong> \u2013 Die Gewalt<\/strong><\/span><span class=\"Normal-C-C2\"> \/75<br \/>\n<\/span><span class=\"Normal-C-C2\"><strong> X Castrogeriz<\/strong><\/span><span class=\"Normal-C-C2\"><strong> \u2013 Das Geheimnis<\/strong><\/span><span class=\"Normal-C-C2\"> \/81<br \/>\n<\/span><span class=\"Normal-C-C2\"><strong> XI Leon<\/strong><\/span><span class=\"Normal-C-C2\"><strong> \u2013 Das Tier<\/strong><\/span><span class=\"Normal-C-C2\"> \/89<br \/>\n<\/span><span class=\"Normal-C-C2\"><strong> XII Astorga<\/strong><\/span><span class=\"Normal-C-C2\"><strong> \u2013 Das Wandern<\/strong><\/span><span class=\"Normal-C-C2\"> \/93<br \/>\n<\/span><span class=\"Normal-C-C2\"><strong> XIII El Cebrero<\/strong><\/span><span class=\"Normal-C-C2\"><strong> \u2013 Das Ziel<\/strong><\/span><span class=\"Normal-C-C2\"> \/99<br \/>\n<\/span><span class=\"Normal-C-C2\"><strong> XIV Santiago de Compostela<\/strong><\/span><span class=\"Normal-C-C2\"><strong> \u2013 Die Kathedrale<\/strong><\/span><span class=\"Normal-C-C2\"> \/107<br \/>\n<\/span><span class=\"Normal-C-C2\"><strong> Nachwort<\/strong><\/span><span class=\"Normal-C-C2\"> \/115<br \/>\n<\/span><span class=\"Normal-C-C2\"><strong> Anmerkungen<\/strong><\/span><span class=\"Normal-C-C2\"> \/121<br \/>\n<\/span><span class=\"Normal-C-C2\"><strong> Nachweise<\/strong><\/span><span class=\"Normal-C-C0\"> \/123<\/span><\/p>\n<\/div>\n<table id=\"table_4\" style=\"width: 575px\" cellspacing=\"0\" cellpadding=\"0\">\n<colgroup>\n<col>\n<col>\n<col>\n<col><\/colgroup>\n<tbody>\n<tr>\n<td style=\"width: 255px\">\n<p class=\"Wp-Normal-P\"><span class=\"Normal-C\"><strong>ISBN: 978-3-00-036245-3<\/strong><\/span><\/p>\n<\/td>\n<td style=\"width: 162px\">\n<p class=\"Wp-Tabellenk\u00f6rper-P\"><span class=\"Tabellenk\u00f6rper-C-C0\"><strong>Auflage:<\/strong> 1. Auflage<\/span><\/p>\n<\/td>\n<td style=\"width: 156px\">&nbsp;<strong>Preis:16,50\u20ac<\/strong><\/td>\n<\/tr>\n<tr>\n<td style=\"width: 255px\">\n<p class=\"Wp-Normal-P\">\n<\/td>\n<td style=\"width: 162px\">\n<p class=\"Wp-Tabellenk\u00f6rper-P\"><span class=\"Tabellenk\u00f6rper-C-C0\"><strong>Seiten:<\/strong> 123<\/span><\/p>\n<\/td>\n<td style=\"width: 156px\"><\/td>\n<\/tr>\n<tr>\n<td style=\"width: 255px\">\n<p class=\"Wp-Normal-P\"><span class=\"Normal-C\"><strong>Erscheinungstermin:<\/strong> 2012<\/span><\/p>\n<\/td>\n<td style=\"width: 162px\"><\/td>\n<td style=\"width: 156px\"><\/td>\n<\/tr>\n<tr>\n<td style=\"width: 255px\">\n<p class=\"Wp-Normal-P\"><span class=\"Normal-C\"><strong>Verlag:<\/strong> edition weissenburg<\/span><\/p>\n<\/td>\n<td style=\"width: 162px\"><\/td>\n<td style=\"width: 156px\"><\/td>\n<\/tr>\n<tr>\n<td style=\"width: 255px\">\n<p class=\"Wp-Normal-P\"><span class=\"Normal-C\"><strong>Einband:<\/strong> gebunden Hardcover&nbsp;<\/span><\/p>\n<\/td>\n<td style=\"width: 162px\"><\/td>\n<td style=\"width: 156px\"><\/td>\n<\/tr>\n<tr>\n<td style=\"width: 255px\">\n<p class=\"Wp-Tabellenk\u00f6rper-P\"><span class=\"Tabellenk\u00f6rper-C-C0\"><strong>Sprache:<\/strong> Deutsch<\/span><\/p>\n<\/td>\n<td style=\"width: 162px\"><\/td>\n<\/tr>\n<\/tbody>\n<\/table>\n","protected":false},"excerpt":{"rendered":"<p>zur\u00fcck zur Liste: Landschaft mit Martyrium der heiligen Katharina Ein junges Ehepaar hatte mich auf dem Lissabonner Flugplatz in arge Verlegenheit gebracht. Wie sollte ich ihm Auskunft geben \u00fcber den Inhalt des vorliegenden Buches? \u2013 Ob es ein Roman sei, wurde ich befragt, um was es sich handele, ein Sachbuch \u00fcber den Jakobsweg, ein Reisef\u00fchrer, ein Essay? Nein, antwortete ich,&#46;&#46;&#46;<\/p>\n","protected":false},"author":1,"featured_media":0,"parent":5488,"menu_order":0,"comment_status":"closed","ping_status":"closed","template":"","meta":{"spay_email":"","footnotes":""},"class_list":["post-5552","page","type-page","status-publish","hentry"],"jetpack_shortlink":"https:\/\/wp.me\/P4WFkG-1ry","jetpack_sharing_enabled":true,"_links":{"self":[{"href":"https:\/\/edition-weissenburg.de\/blog\/index.php?rest_route=\/wp\/v2\/pages\/5552"}],"collection":[{"href":"https:\/\/edition-weissenburg.de\/blog\/index.php?rest_route=\/wp\/v2\/pages"}],"about":[{"href":"https:\/\/edition-weissenburg.de\/blog\/index.php?rest_route=\/wp\/v2\/types\/page"}],"author":[{"embeddable":true,"href":"https:\/\/edition-weissenburg.de\/blog\/index.php?rest_route=\/wp\/v2\/users\/1"}],"replies":[{"embeddable":true,"href":"https:\/\/edition-weissenburg.de\/blog\/index.php?rest_route=%2Fwp%2Fv2%2Fcomments&post=5552"}],"version-history":[{"count":6,"href":"https:\/\/edition-weissenburg.de\/blog\/index.php?rest_route=\/wp\/v2\/pages\/5552\/revisions"}],"predecessor-version":[{"id":12980,"href":"https:\/\/edition-weissenburg.de\/blog\/index.php?rest_route=\/wp\/v2\/pages\/5552\/revisions\/12980"}],"up":[{"embeddable":true,"href":"https:\/\/edition-weissenburg.de\/blog\/index.php?rest_route=\/wp\/v2\/pages\/5488"}],"wp:attachment":[{"href":"https:\/\/edition-weissenburg.de\/blog\/index.php?rest_route=%2Fwp%2Fv2%2Fmedia&parent=5552"}],"curies":[{"name":"wp","href":"https:\/\/api.w.org\/{rel}","templated":true}]}}