{"id":5556,"date":"2016-04-11T13:47:10","date_gmt":"2016-04-11T13:47:10","guid":{"rendered":"http:\/\/edition-weissenburg.de\/blog\/?page_id=5556"},"modified":"2016-04-19T18:43:05","modified_gmt":"2016-04-19T18:43:05","slug":"drei-popsongs-ueber-die-begegnung-der-geschlechter","status":"publish","type":"page","link":"https:\/\/edition-weissenburg.de\/blog\/?page_id=5556&lang=de","title":{"rendered":"Drei Popsongs: \u00fcber die Begegnung der Geschlechter"},"content":{"rendered":"<div>\n<p class=\"Textk\u00f6rper-P\"><a href=\"https:\/\/i0.wp.com\/edition-weissenburg.de\/blog\/wp-content\/uploads\/2016\/04\/drei_popsongs_cover.jpg\"><img loading=\"lazy\" decoding=\"async\" class=\"alignright wp-image-5782\" src=\"https:\/\/i0.wp.com\/edition-weissenburg.de\/blog\/wp-content\/uploads\/2016\/04\/drei_popsongs_cover.jpg?resize=300%2C446\" alt=\"drei_popsongs_cover\" width=\"300\" height=\"446\" srcset=\"https:\/\/i0.wp.com\/edition-weissenburg.de\/blog\/wp-content\/uploads\/2016\/04\/drei_popsongs_cover.jpg?w=509&amp;ssl=1 509w, https:\/\/i0.wp.com\/edition-weissenburg.de\/blog\/wp-content\/uploads\/2016\/04\/drei_popsongs_cover.jpg?resize=202%2C300&amp;ssl=1 202w, https:\/\/i0.wp.com\/edition-weissenburg.de\/blog\/wp-content\/uploads\/2016\/04\/drei_popsongs_cover.jpg?resize=20%2C30&amp;ssl=1 20w\" sizes=\"(max-width: 300px) 100vw, 300px\" data-recalc-dims=\"1\" \/><\/a><a href=\"http:\/\/edition-weissenburg.de\/blog\/?page_id=5488&amp;lang=de\">zur\u00fcck zur Liste:<\/a><\/p>\n<p class=\"Textk\u00f6rper-P\"><strong><span class=\"Textk\u00f6rper-C-C0\">Drei Popsongs: \u00fcber die Begegnung der Geschlechter<\/span><\/strong><\/p>\n<p class=\"Normal-P\"><span class=\"Normal-C-C0\">Reinhold Urmetzers dekonstruktive Analyse zweier Popsongs ist von einem Fachmann geschrieben, der die Kultur unserer Zeit, auch die Popkultur, genau kennt. Als Journalist und Musikkritiker hat er zahlreiche Gruppen und Str\u00f6mungen begleitet. Als K\u00fcnstler und Philosoph hat er sich mit dem postmodernen Denken unserer franz\u00f6sischen Nachbarn auseinandergesetzt sowie Publikationen und Interviews dazu ver\u00f6ffentlicht. Sein in mancher Hinsicht \u00fcberraschender und auch fordernder Text \u00fcber zwei Lieder von Enrique Iglesias sowie Robbie Williams bespricht ein Hauptthema unserer Zeit: die Beziehung der Geschlechter zueinander, ihr Auseinanderdriften oder auch Sich-<wbr \/>neu-<wbr \/>finden-<wbr \/>M\u00fcssen vor dem Hintergrund einer rapide sich wandelnden Epoche.<\/span><\/p>\n<p class=\"Normal-P-P0\"><strong><span class=\"Normal-C-C1\">Inhalt<\/span><\/strong><\/p>\n<p class=\"Normal-P-P0\" style=\"padding-left: 30px;\"><span class=\"Normal-C-C0\"><strong>Vorwort<\/strong> \/5<br \/>\n<strong> 1 Einf\u00fchrung<\/strong> \/11<br \/>\n<strong> 2 Enrique Iglesias: \u201eRing my bell, ring my bells\u201c<\/strong> \/19<br \/>\n<strong> 3 Exkurs: Schopenhauers Musikphilosophie<\/strong> \/55<br \/>\n<strong> 4 Robbie Williams: \u201eFeel\u201c<\/strong> \/77<br \/>\n<strong> 5 \u00dcber die Begegnung der Geschlechter<\/strong> \/103<br \/>\n<strong> 6 Anhang: Die Stahlstadt<\/strong> \/127<br \/>\n<strong> Nachweise<\/strong> \/135<\/span><\/p>\n<p class=\"Normal-P-P0\">\n<\/div>\n<table id=\"table_4\" style=\"width: 650px;\" cellspacing=\"0\" cellpadding=\"0\">\n<colgroup>\n<col \/>\n<col \/>\n<col \/>\n<col \/> <\/colgroup>\n<tbody>\n<tr>\n<td style=\"width: 241px;\">\n<p class=\"Wp-Normal-P\"><span class=\"Normal-C\"><strong>ISBN-<wbr \/>10:<\/strong> 3849120929<\/span><\/p>\n<\/td>\n<td style=\"width: 145px;\">\n<p class=\"Wp-Tabellenk\u00f6rper-P\"><span class=\"Tabellenk\u00f6rper-C-C0\"><strong>Auflage:<\/strong> 1. Auflage<\/span><\/p>\n<\/td>\n<td style=\"width: 236px;\">\n<p class=\"Wp-Tabellenk\u00f6rper-P\"><span class=\"Tabellenk\u00f6rper-C-C0\"><strong>Preis:<\/strong> 14,99 (Buch)\/9,50 (ebook)<\/span><\/p>\n<\/td>\n<\/tr>\n<tr>\n<td style=\"width: 241px;\">\n<p class=\"Wp-Normal-P\"><span class=\"Normal-C\"><strong>EAN:<\/strong> 978-<wbr \/>3849120924<\/span><\/p>\n<\/td>\n<td style=\"width: 145px;\">\n<p class=\"Wp-Tabellenk\u00f6rper-P\"><span class=\"Tabellenk\u00f6rper-C-C0\"><strong>Seiten:<\/strong> 144<\/span><\/p>\n<\/td>\n<td style=\"width: 236px;\"><\/td>\n<\/tr>\n<tr>\n<td style=\"width: 241px;\">\n<p class=\"Wp-Normal-P\"><span class=\"Normal-C\"><strong>Erscheinungstermin:<\/strong> 01.2013<\/span><\/p>\n<\/td>\n<td style=\"width: 145px;\">\n<p class=\"Wp-Tabellenk\u00f6rper-P\"><span class=\"Tabellenk\u00f6rper-C-C0\"><strong>Gewicht:<\/strong> 160 g<\/span><\/p>\n<\/td>\n<td style=\"width: 236px;\">\n<p class=\"Wp-Tabellenk\u00f6rper-P\"><strong><span class=\"Tabellenk\u00f6rper-C-C0\">Weitere Bezugsquellen:<\/span><\/strong><\/p>\n<\/td>\n<\/tr>\n<tr>\n<td style=\"width: 241px;\">\n<p class=\"Wp-Normal-P\"><span class=\"Normal-C\"><strong>Verlag:<\/strong> tredition<\/span><\/p>\n<\/td>\n<td style=\"width: 145px;\">\n<p class=\"Wp-Tabellenk\u00f6rper-P\"><span class=\"Tabellenk\u00f6rper-C-C0\"><strong>L\u00e4nge:<\/strong> 190 mm<\/span><\/p>\n<\/td>\n<td style=\"width: 236px;\">\n<p class=\"Wp-Tabellenk\u00f6rper-P\"><span class=\"Tabellenk\u00f6rper-C-C0\"><a href=\"http:\/\/www.amazon.de\/Drei-Popsongs-%C3%BCber-Begegnung-Geschlechter\/dp\/3849120929\/ref=sr_1_2_bnp_1_pap?s=books&amp;ie=UTF8&amp;qid=1380890044&amp;sr=1-2\">Amazon<\/a> (Buch)<\/span><\/p>\n<\/td>\n<\/tr>\n<tr>\n<td style=\"width: 241px;\">\n<p class=\"Wp-Normal-P\"><span class=\"Normal-C\"><strong>Einband:<\/strong> Taschenbuch<\/span><\/p>\n<\/td>\n<td style=\"width: 145px;\">\n<p class=\"Wp-Tabellenk\u00f6rper-P\"><span class=\"Tabellenk\u00f6rper-C-C0\"><strong>Breite:<\/strong> 120 mm<\/span><\/p>\n<\/td>\n<td style=\"width: 236px;\">\n<p class=\"Wp-Tabellenk\u00f6rper-P\"><span class=\"Tabellenk\u00f6rper-C-C0\"><a href=\"http:\/\/www.amazon.de\/Drei-Popsongs-Begegnung-Geschlechter-ebook\/dp\/B00BSV4XHQ\/ref=tmm_kin_title_0?ie=UTF8&amp;qid=1380890044&amp;sr=1-2\">Amazon<\/a> (Ebook-<wbr \/>Kindle)<\/span><\/p>\n<\/td>\n<\/tr>\n<tr>\n<td style=\"width: 241px;\">\n<p class=\"Wp-Tabellenk\u00f6rper-P\"><span class=\"Tabellenk\u00f6rper-C-C0\"><strong>Sprache:<\/strong> Deutsch<\/span><\/p>\n<\/td>\n<td style=\"width: 145px;\">\n<p class=\"Wp-Tabellenk\u00f6rper-P\"><span class=\"Tabellenk\u00f6rper-C-C0\"><strong>H\u00f6he:<\/strong> 10 mm<\/span><\/p>\n<\/td>\n<td style=\"width: 236px;\">\n<p class=\"Wp-Tabellenk\u00f6rper-P\"><span class=\"Tabellenk\u00f6rper-C-C0\"><a href=\"http:\/\/www.tredition.de\/?books\/ID21339\/Drei-Popsongs\">tredition<\/a>, <a href=\"https:\/\/itunes.apple.com\/de\/book\/drei-popsongs\/id619259738?mt=11\">iTunes<\/a>, <a href=\"https:\/\/play.google.com\/store\/books\/details\/Reinhold_Urmetzer_Drei_Popsongs?id=3s1BrYzInpMC\">Google Play<\/a><\/span><\/p>\n<\/td>\n<\/tr>\n<\/tbody>\n<\/table>\n","protected":false},"excerpt":{"rendered":"<p>zur\u00fcck zur Liste: Drei Popsongs: \u00fcber die Begegnung der Geschlechter Reinhold Urmetzers dekonstruktive Analyse zweier Popsongs ist von einem Fachmann geschrieben, der die Kultur unserer Zeit, auch die Popkultur, genau kennt. Als Journalist und Musikkritiker hat er zahlreiche Gruppen und Str\u00f6mungen begleitet. Als K\u00fcnstler und Philosoph hat er sich mit dem postmodernen Denken unserer franz\u00f6sischen Nachbarn auseinandergesetzt sowie Publikationen und&#46;&#46;&#46;<\/p>\n","protected":false},"author":1,"featured_media":0,"parent":5488,"menu_order":0,"comment_status":"closed","ping_status":"closed","template":"","meta":{"spay_email":"","footnotes":""},"class_list":["post-5556","page","type-page","status-publish","hentry"],"jetpack_shortlink":"https:\/\/wp.me\/P4WFkG-1rC","jetpack_sharing_enabled":true,"_links":{"self":[{"href":"https:\/\/edition-weissenburg.de\/blog\/index.php?rest_route=\/wp\/v2\/pages\/5556"}],"collection":[{"href":"https:\/\/edition-weissenburg.de\/blog\/index.php?rest_route=\/wp\/v2\/pages"}],"about":[{"href":"https:\/\/edition-weissenburg.de\/blog\/index.php?rest_route=\/wp\/v2\/types\/page"}],"author":[{"embeddable":true,"href":"https:\/\/edition-weissenburg.de\/blog\/index.php?rest_route=\/wp\/v2\/users\/1"}],"replies":[{"embeddable":true,"href":"https:\/\/edition-weissenburg.de\/blog\/index.php?rest_route=%2Fwp%2Fv2%2Fcomments&post=5556"}],"version-history":[{"count":6,"href":"https:\/\/edition-weissenburg.de\/blog\/index.php?rest_route=\/wp\/v2\/pages\/5556\/revisions"}],"predecessor-version":[{"id":9774,"href":"https:\/\/edition-weissenburg.de\/blog\/index.php?rest_route=\/wp\/v2\/pages\/5556\/revisions\/9774"}],"up":[{"embeddable":true,"href":"https:\/\/edition-weissenburg.de\/blog\/index.php?rest_route=\/wp\/v2\/pages\/5488"}],"wp:attachment":[{"href":"https:\/\/edition-weissenburg.de\/blog\/index.php?rest_route=%2Fwp%2Fv2%2Fmedia&parent=5556"}],"curies":[{"name":"wp","href":"https:\/\/api.w.org\/{rel}","templated":true}]}}