{"id":5578,"date":"2016-04-11T14:16:22","date_gmt":"2016-04-11T14:16:22","guid":{"rendered":"http:\/\/edition-weissenburg.de\/blog\/?page_id=5578"},"modified":"2018-06-21T08:29:32","modified_gmt":"2018-06-21T08:29:32","slug":"musica-matutina","status":"publish","type":"page","link":"https:\/\/edition-weissenburg.de\/blog\/?page_id=5578&lang=de","title":{"rendered":"Musica Matutina"},"content":{"rendered":"<div>\n<p class=\"Normal-P\"><a href=\"http:\/\/edition-weissenburg.de\/blog\/?page_id=5495&amp;lang=de\">\u21d0<\/a><\/p>\n<p class=\"Normal-P\"><strong><span class=\"Normal-C\">Musica Matutina<\/span><\/strong><\/p>\n<p class=\"Normal-P-P0\"><span class=\"Normal-C-C0\"><img loading=\"lazy\" decoding=\"async\" title=\"\" src=\"https:\/\/i2.wp.com\/edition-weissenburg.de\/wpimages\/wp4a53a228_06.png?resize=258%2C258\" alt=\"\" width=\"258\" height=\"258\" border=\"0\" data-recalc-dims=\"1\" \/><\/span><\/p>\n<p class=\"Wp-Normal-P\"><strong><span class=\"Normal-C-C1\">Musikbeispiel<\/span><\/strong><\/p>\n<ul>\n<li class=\"Wp-Normal-P\"><span class=\"Normal-C-C0\"><a href=\"http:\/\/edition-weissenburg.de\/FelixNamqueII_bsp.mp3\">Felix Namque II<\/a><\/span><\/li>\n<li class=\"Wp-Normal-P\"><span class=\"Normal-C-C0\"><a href=\"http:\/\/edition-weissenburg.de\/SalveRegina_bsp.mp3\">Salve Regina<\/a><\/span><\/li>\n<li class=\"Wp-Normal-P\"><span class=\"Normal-C-C0\"><a href=\"http:\/\/edition-weissenburg.de\/FelixNamqueI_bsp.mp3\">Felix Namque I<\/a><\/span><\/li>\n<\/ul>\n<p class=\"Normal-P-P0\"><span class=\"Normal-C-C0\">Der Musica Matutina Zyklus dekonstruiert alte Partituren, ohne den Sinn der Vorlage und den wohlklingenden Fluss der Musik in Frage zu stellen. <\/span><\/p>\n<p class=\"Normal-P-P0\"><span class=\"Normal-C-C0\">Reinhold Urmetzer verzichtet ganz auf Spannung im Sinne des abstrakten Expressionismus oder der akademischen Kompositionstechniken des Internationalen Stils. Die Musik bleibt also immer jenseits der atonalen Schule unseres Jahrhunderts. Man wird sie deshalb vielleicht in die amerikanische \u201cNew age\u201d &#8211;<wbr \/> oder Pop-<wbr \/>Schublade stecken wollen. Der Komponist f\u00fchlt sich jedoch mehr dem europ\u00e4ischen Denken zugeh\u00f6rig und verpflichtet.<\/span><\/p>\n<p class=\"Normal-P-P0\"><span class=\"Normal-C-C0\">Man kann die vier S\u00e4tze als ein langes Gebet auffassen. Man kann dabei meditieren, vielleicht in einer Kirche, oder die Musik als \u201cMorgenmusik\u201d im Sinne der Regel des heiligen Benedict h\u00f6ren, vielleicht sogar bei Sonnenaufgang, dann in der Reihenfolge Solo, Duo, Trio, Quartett. Wissende und \u201cKopfh\u00f6rer\u201d werden eine bunt schillernde Reise durch viele Erinnerungen unserer europ\u00e4ischen Musikgeschichte wahrnehmen, ein R\u00fcckblick am Wechsel des Jahrtausends.<\/span><\/p>\n<p class=\"Normal-P-P0\"><span class=\"Normal-C-C0\">Das Arioso-<wbr \/>Quartett, 1986 in Stuttgart gegr\u00fcndet, hat seitdem eine intensive Konzertt\u00e4tigkeit entwickelt. Im Fr\u00fchjahr 1993 unternahm das Ensemble seine erste, sehr erfolgreiche Auslandstournee mit Konzerten in zehn spanischen St\u00e4dten. Alle vier Musiker verf\u00fcgen \u00fcber mehrj\u00e4hrige Orchestererfahrung, ihr Hauptanliegen ist jedoch die Kammermusik.<\/span><\/p>\n<p class=\"Normal-P\" style=\"text-align: center;\"><span class=\"Normal-C-C0\"><strong>Felix Namque II<\/strong><br \/>\nF\u00fcr Streichquartett<br \/>\n25.47<\/span><\/p>\n<p class=\"Normal-P\" style=\"text-align: center;\"><span class=\"Normal-C-C0\"><strong>Felix Namque I *<\/strong><br \/>\nF\u00fcr Streichtrio<br \/>\n23.35<\/span><\/p>\n<p class=\"Normal-P\" style=\"text-align: center;\"><span class=\"Normal-C-C0\"><strong>Ave Maris Stella<\/strong><br \/>\nF\u00fcr Violine und Violoncello<br \/>\n5.03<\/span><\/p>\n<p class=\"Normal-P\" style=\"text-align: center;\"><span class=\"Normal-C-C0\"><strong>Salve Regina<\/strong><br \/>\nF\u00fcr Violine Solo<br \/>\n20.01<\/span><\/p>\n<p class=\"Normal-P\" style=\"text-align: center;\"><span class=\"Normal-C-C0\"><strong>Arioso-<wbr \/>Quartett<\/strong><br \/>\nKay Petersen, Violine<br \/>\nFrank Krauter, Violine<br \/>\nCarolin Kriegbaum, Viola<br \/>\nStefan Kraut, Violoncello<\/span><\/p>\n<p class=\"Normal-P\" style=\"text-align: center;\"><span class=\"Normal-C-C0\"><strong>* Varianti<\/strong><br \/>\nMathias Neundorf, Violine<br \/>\nAxel Breuch, Viola<br \/>\nErik Borgir, Violoncello<\/span><\/p>\n<\/div>\n","protected":false},"excerpt":{"rendered":"<p>\u21d0 Musica Matutina Musikbeispiel Felix Namque II Salve Regina Felix Namque I Der Musica Matutina Zyklus dekonstruiert alte Partituren, ohne den Sinn der Vorlage und den wohlklingenden Fluss der Musik in Frage zu stellen. Reinhold Urmetzer verzichtet ganz auf Spannung im Sinne des abstrakten Expressionismus oder der akademischen Kompositionstechniken des Internationalen Stils. Die Musik bleibt also immer jenseits der atonalen&#46;&#46;&#46;<\/p>\n","protected":false},"author":1,"featured_media":0,"parent":5495,"menu_order":0,"comment_status":"closed","ping_status":"closed","template":"","meta":{"spay_email":"","footnotes":""},"class_list":["post-5578","page","type-page","status-publish","hentry"],"jetpack_shortlink":"https:\/\/wp.me\/P4WFkG-1rY","jetpack_sharing_enabled":true,"_links":{"self":[{"href":"https:\/\/edition-weissenburg.de\/blog\/index.php?rest_route=\/wp\/v2\/pages\/5578"}],"collection":[{"href":"https:\/\/edition-weissenburg.de\/blog\/index.php?rest_route=\/wp\/v2\/pages"}],"about":[{"href":"https:\/\/edition-weissenburg.de\/blog\/index.php?rest_route=\/wp\/v2\/types\/page"}],"author":[{"embeddable":true,"href":"https:\/\/edition-weissenburg.de\/blog\/index.php?rest_route=\/wp\/v2\/users\/1"}],"replies":[{"embeddable":true,"href":"https:\/\/edition-weissenburg.de\/blog\/index.php?rest_route=%2Fwp%2Fv2%2Fcomments&post=5578"}],"version-history":[{"count":5,"href":"https:\/\/edition-weissenburg.de\/blog\/index.php?rest_route=\/wp\/v2\/pages\/5578\/revisions"}],"predecessor-version":[{"id":8225,"href":"https:\/\/edition-weissenburg.de\/blog\/index.php?rest_route=\/wp\/v2\/pages\/5578\/revisions\/8225"}],"up":[{"embeddable":true,"href":"https:\/\/edition-weissenburg.de\/blog\/index.php?rest_route=\/wp\/v2\/pages\/5495"}],"wp:attachment":[{"href":"https:\/\/edition-weissenburg.de\/blog\/index.php?rest_route=%2Fwp%2Fv2%2Fmedia&parent=5578"}],"curies":[{"name":"wp","href":"https:\/\/api.w.org\/{rel}","templated":true}]}}