{"id":5641,"date":"2016-04-15T10:59:30","date_gmt":"2016-04-15T10:59:30","guid":{"rendered":"http:\/\/edition-weissenburg.de\/blog\/?page_id=5641"},"modified":"2016-04-15T11:11:44","modified_gmt":"2016-04-15T11:11:44","slug":"das-aegyptische-boot-truemmer-bild-und-kreis-kalifornien","status":"publish","type":"page","link":"https:\/\/edition-weissenburg.de\/blog\/?page_id=5641&lang=de","title":{"rendered":"Das \u00e4gyptische Boot \/ Tr\u00fcmmer, Bild und Kreis (Kalifornien)"},"content":{"rendered":"<p class=\"Normal-P\"><a href=\"http:\/\/edition-weissenburg.de\/blog\/?page_id=5495&amp;lang=de\">\u21d0<\/a><\/p>\n<p class=\"Normal-P\"><strong><span class=\"Normal-C\">Das \u00e4gyptische Boot \/ Tr\u00fcmmer, Bild und Kreis (Kalifornien)<\/span><\/strong><\/p>\n<p class=\"Normal-P-P0\"><span class=\"Normal-C-C0\"><img loading=\"lazy\" decoding=\"async\" title=\"\" src=\"https:\/\/i0.wp.com\/edition-weissenburg.de\/wpimages\/wp5094d79c_06.png?resize=253%2C240\" alt=\"\" width=\"253\" height=\"240\" border=\"0\" data-recalc-dims=\"1\" \/><\/span><\/p>\n<p class=\"Normal-P-P0\"><strong><span class=\"Normal-C-C1\">Musikbeispiel<\/span><\/strong><\/p>\n<ul>\n<li class=\"Normal-P-P0\"><span class=\"Normal-C-C0\"><a href=\"http:\/\/edition-weissenburg.de\/DasAegyptischeBoot_bsp.mp3\">Auszug aus &#8220;Das \u00c4gyptische Boot&#8221;<\/a><\/span><\/li>\n<li class=\"Normal-P-P0\"><span class=\"Normal-C-C0\"><a href=\"http:\/\/edition-weissenburg.de\/TruemmerBildKreis_bsp.mp3\">Auszug aus &#8220;Tr\u00fcmmer, Bild und Kreis&#8221;<\/a><\/span><\/li>\n<\/ul>\n<p class=\"Normal-P-P0\"><span class=\"Normal-C-C0\">Die Rede \u201cTr\u00fcmmer, Bild und Kreis\u201d setzt sich mit dem kalifornischen Lebensgef\u00fchl auseinander, wie es der franz\u00f6sische Philosoph Francois Lyotard in seiner Erz\u00e4hlung \u201cDie Mauer des Pazifik\u201d beschrieben hat. &#8211;<wbr \/> Im \u201c\u00c4gyptischen Boot\u201d wird eine Idee aus dem Roman \u201cPrinzessin Casamassima\u201d von Henry James weiter gef\u00fchrt und in die eindimensionale Wirklichkeit der Gegenwart \u00fcbertragen. <\/span><\/p>\n<p class=\"Normal-P\" style=\"text-align: center;\"><span class=\"Normal-C-C0\">1 Klavierst\u00fcck Nr.2 (3\u00b447\u00b4\u00b4)<br \/>\n2 Das \u00e4gyptische Boot (37\u00b442\u00b4\u00b4)<br \/>\n3 Sterne (2\u00b442\u00b4\u00b4)<br \/>\n4 Tr\u00fcmmer, Bild und Kreis (32\u00b400\u00b4\u00b4)<br \/>\n5 Bal des Victimes (2\u00b423\u00b4\u00b4)<\/span><\/p>\n<p class=\"Normal-P\" style=\"text-align: center;\"><span class=\"Normal-C-C0\">Sprecher: Reinhold Urmetzer<br \/>\nKlavier: Wassily Ilissawsky<\/span><\/p>\n","protected":false},"excerpt":{"rendered":"<p>\u21d0 Das \u00e4gyptische Boot \/ Tr\u00fcmmer, Bild und Kreis (Kalifornien) Musikbeispiel Auszug aus &#8220;Das \u00c4gyptische Boot&#8221; Auszug aus &#8220;Tr\u00fcmmer, Bild und Kreis&#8221; Die Rede \u201cTr\u00fcmmer, Bild und Kreis\u201d setzt sich mit dem kalifornischen Lebensgef\u00fchl auseinander, wie es der franz\u00f6sische Philosoph Francois Lyotard in seiner Erz\u00e4hlung \u201cDie Mauer des Pazifik\u201d beschrieben hat. &#8211; Im \u201c\u00c4gyptischen Boot\u201d wird eine Idee aus dem&#46;&#46;&#46;<\/p>\n","protected":false},"author":1,"featured_media":0,"parent":5495,"menu_order":0,"comment_status":"closed","ping_status":"closed","template":"","meta":{"spay_email":"","footnotes":""},"class_list":["post-5641","page","type-page","status-publish","hentry"],"jetpack_shortlink":"https:\/\/wp.me\/P4WFkG-1sZ","jetpack_sharing_enabled":true,"_links":{"self":[{"href":"https:\/\/edition-weissenburg.de\/blog\/index.php?rest_route=\/wp\/v2\/pages\/5641"}],"collection":[{"href":"https:\/\/edition-weissenburg.de\/blog\/index.php?rest_route=\/wp\/v2\/pages"}],"about":[{"href":"https:\/\/edition-weissenburg.de\/blog\/index.php?rest_route=\/wp\/v2\/types\/page"}],"author":[{"embeddable":true,"href":"https:\/\/edition-weissenburg.de\/blog\/index.php?rest_route=\/wp\/v2\/users\/1"}],"replies":[{"embeddable":true,"href":"https:\/\/edition-weissenburg.de\/blog\/index.php?rest_route=%2Fwp%2Fv2%2Fcomments&post=5641"}],"version-history":[{"count":2,"href":"https:\/\/edition-weissenburg.de\/blog\/index.php?rest_route=\/wp\/v2\/pages\/5641\/revisions"}],"predecessor-version":[{"id":5655,"href":"https:\/\/edition-weissenburg.de\/blog\/index.php?rest_route=\/wp\/v2\/pages\/5641\/revisions\/5655"}],"up":[{"embeddable":true,"href":"https:\/\/edition-weissenburg.de\/blog\/index.php?rest_route=\/wp\/v2\/pages\/5495"}],"wp:attachment":[{"href":"https:\/\/edition-weissenburg.de\/blog\/index.php?rest_route=%2Fwp%2Fv2%2Fmedia&parent=5641"}],"curies":[{"name":"wp","href":"https:\/\/api.w.org\/{rel}","templated":true}]}}