{"id":5643,"date":"2016-04-15T11:01:58","date_gmt":"2016-04-15T11:01:58","guid":{"rendered":"http:\/\/edition-weissenburg.de\/blog\/?page_id=5643"},"modified":"2019-11-24T19:42:09","modified_gmt":"2019-11-24T19:42:09","slug":"poeme-videophonique","status":"publish","type":"page","link":"https:\/\/edition-weissenburg.de\/blog\/?page_id=5643&lang=de","title":{"rendered":"Po\u00e8me vid\u00e9ophonique (DVD)"},"content":{"rendered":"<div>\n<p class=\"Normal-P\" style=\"text-align: left;\"><a href=\"http:\/\/edition-weissenburg.de\/blog\/?page_id=5495&amp;lang=de\">\u21d0<\/a><\/p>\n<p class=\"Normal-P\" style=\"text-align: center;\"><strong><span class=\"Normal-C\">Po\u00e8me vid\u00e9ophonique (DVD)<\/span><\/strong><\/p>\n<p class=\"Normal-P\" style=\"text-align: center;\"><span class=\"Normal-C-C0\">f\u00fcr Streichquartett<\/span><\/p>\n<p class=\"Normal-P\" style=\"text-align: center;\"><span class=\"Normal-C-C0\">Felix namque II (25\u00b447\u00b4\u00b4) f\u00fcr Streichquartett<br \/>\nAve Maris Stella (5\u00b403\u00b4\u00b4) f\u00fcr Violine und Violoncello<br \/>\nFelix namque I (23\u00b435\u00b4\u00b4) f\u00fcr Streichtrio<br \/>\nSalve Regina (20\u00b401\u00b4\u00b4) f\u00fcr Violine solo<\/span><\/p>\n<p class=\"Normal-P\" style=\"text-align: center;\"><span class=\"Normal-C-C0\"><b>Tanz: Sara Schemann<\/b><br \/>\n<b>Po\u00e8me vid\u00e9ophonique: Maciej Walczak<\/b><\/span><\/p>\n<p class=\"Normal-P\" style=\"text-align: center;\"><span class=\"Normal-C-C0\"><strong>Arioso-<wbr \/>Quartett:<\/strong><br \/>\nKay Petersen, Violine<br \/>\nFrank Krauter, Violine<br \/>\nCarolin Kriegbaum, Viola<br \/>\nStefan Kraut, Violoncello<\/span><\/p>\n<p class=\"Normal-P\" style=\"text-align: center;\"><span class=\"Normal-C-C0\"><strong>Neues Stuttgarter Streichquartett:<\/strong><br \/>\nMatthias Neuendorf, Violine<br \/>\nErik Borgir, Violoncello<\/span><\/p>\n<p class=\"Normal-P\" style=\"text-align: center;\"><span class=\"Normal-C-C0\"><strong>Varianti<\/strong><br \/>\nMatthias Neuendorf, Violine<br \/>\nAxel Breuch, Viola<br \/>\nErik Borgir, Violoncello<\/span><\/p>\n<\/div>\n","protected":false},"excerpt":{"rendered":"<p>\u21d0 Po\u00e8me vid\u00e9ophonique (DVD) f\u00fcr Streichquartett Felix namque II (25\u00b447\u00b4\u00b4) f\u00fcr Streichquartett Ave Maris Stella (5\u00b403\u00b4\u00b4) f\u00fcr Violine und Violoncello Felix namque I (23\u00b435\u00b4\u00b4) f\u00fcr Streichtrio Salve Regina (20\u00b401\u00b4\u00b4) f\u00fcr Violine solo Tanz: Sara Schemann Po\u00e8me vid\u00e9ophonique: Maciej Walczak Arioso-Quartett: Kay Petersen, Violine Frank Krauter, Violine Carolin Kriegbaum, Viola Stefan Kraut, Violoncello Neues Stuttgarter Streichquartett: Matthias Neuendorf, Violine Erik Borgir,&#46;&#46;&#46;<\/p>\n","protected":false},"author":1,"featured_media":0,"parent":5495,"menu_order":0,"comment_status":"closed","ping_status":"closed","template":"","meta":{"spay_email":"","footnotes":""},"class_list":["post-5643","page","type-page","status-publish","hentry"],"jetpack_shortlink":"https:\/\/wp.me\/P4WFkG-1t1","jetpack_sharing_enabled":true,"_links":{"self":[{"href":"https:\/\/edition-weissenburg.de\/blog\/index.php?rest_route=\/wp\/v2\/pages\/5643"}],"collection":[{"href":"https:\/\/edition-weissenburg.de\/blog\/index.php?rest_route=\/wp\/v2\/pages"}],"about":[{"href":"https:\/\/edition-weissenburg.de\/blog\/index.php?rest_route=\/wp\/v2\/types\/page"}],"author":[{"embeddable":true,"href":"https:\/\/edition-weissenburg.de\/blog\/index.php?rest_route=\/wp\/v2\/users\/1"}],"replies":[{"embeddable":true,"href":"https:\/\/edition-weissenburg.de\/blog\/index.php?rest_route=%2Fwp%2Fv2%2Fcomments&post=5643"}],"version-history":[{"count":7,"href":"https:\/\/edition-weissenburg.de\/blog\/index.php?rest_route=\/wp\/v2\/pages\/5643\/revisions"}],"predecessor-version":[{"id":9496,"href":"https:\/\/edition-weissenburg.de\/blog\/index.php?rest_route=\/wp\/v2\/pages\/5643\/revisions\/9496"}],"up":[{"embeddable":true,"href":"https:\/\/edition-weissenburg.de\/blog\/index.php?rest_route=\/wp\/v2\/pages\/5495"}],"wp:attachment":[{"href":"https:\/\/edition-weissenburg.de\/blog\/index.php?rest_route=%2Fwp%2Fv2%2Fmedia&parent=5643"}],"curies":[{"name":"wp","href":"https:\/\/api.w.org\/{rel}","templated":true}]}}