{"id":5646,"date":"2016-04-15T11:04:59","date_gmt":"2016-04-15T11:04:59","guid":{"rendered":"http:\/\/edition-weissenburg.de\/blog\/?page_id=5646"},"modified":"2018-06-18T05:07:34","modified_gmt":"2018-06-18T05:07:34","slug":"salve-regina-poeme-videophonique","status":"publish","type":"page","link":"https:\/\/edition-weissenburg.de\/blog\/?page_id=5646&lang=de","title":{"rendered":"Salve Regina,  Po\u00e8me vid\u00e9ophonique"},"content":{"rendered":"<div>\n<p class=\"Normal-P\" style=\"text-align: left;\"><a href=\"http:\/\/edition-weissenburg.de\/blog\/?page_id=5495&amp;lang=de\">\u21d0<\/a><\/p>\n<p class=\"Normal-P\" style=\"text-align: center;\"><strong><span class=\"Normal-C\">Salve Regina, \u00a0Po\u00e8me vid\u00e9ophonique<\/span><\/strong><\/p>\n<p class=\"Normal-P-P0\"><span class=\"Normal-C-C0\"><img loading=\"lazy\" decoding=\"async\" class=\"aligncenter\" title=\"\" src=\"https:\/\/i0.wp.com\/edition-weissenburg.de\/wpimages\/wp239151dc_06.png?resize=231%2C365\" alt=\"\" width=\"231\" height=\"365\" border=\"0\" data-recalc-dims=\"1\" \/><\/span><\/p>\n<p class=\"Normal-P\" style=\"text-align: center;\"><span class=\"Normal-C-C0\">Salve Regina, Po\u00e8me vid\u00e9ophonique f\u00fcr Violine solo<\/span><\/p>\n<p class=\"Normal-P\" style=\"text-align: center;\"><span class=\"Normal-C-C0\">Salve Regina (23\u00b402\u00b4\u00b4) <\/span><\/p>\n<p class=\"Normal-P\" style=\"text-align: center;\"><span class=\"Normal-C-C0\">Po\u00e8me vid\u00e9ophonique: <\/span><\/p>\n<p class=\"Normal-P\" style=\"text-align: center;\"><span class=\"Normal-C-C0\">Maciej Walczak<\/span><\/p>\n<p class=\"Normal-P\" style=\"text-align: center;\"><span class=\"Normal-C-C0\">Kay Petersen, Violine<\/span><\/p>\n<\/div>\n","protected":false},"excerpt":{"rendered":"<p>\u21d0 Salve Regina, \u00a0Po\u00e8me vid\u00e9ophonique Salve Regina, Po\u00e8me vid\u00e9ophonique f\u00fcr Violine solo Salve Regina (23\u00b402\u00b4\u00b4) Po\u00e8me vid\u00e9ophonique: Maciej Walczak Kay Petersen, Violine<\/p>\n","protected":false},"author":1,"featured_media":0,"parent":5495,"menu_order":0,"comment_status":"closed","ping_status":"closed","template":"","meta":{"spay_email":"","footnotes":""},"class_list":["post-5646","page","type-page","status-publish","hentry"],"jetpack_shortlink":"https:\/\/wp.me\/P4WFkG-1t4","jetpack_sharing_enabled":true,"_links":{"self":[{"href":"https:\/\/edition-weissenburg.de\/blog\/index.php?rest_route=\/wp\/v2\/pages\/5646"}],"collection":[{"href":"https:\/\/edition-weissenburg.de\/blog\/index.php?rest_route=\/wp\/v2\/pages"}],"about":[{"href":"https:\/\/edition-weissenburg.de\/blog\/index.php?rest_route=\/wp\/v2\/types\/page"}],"author":[{"embeddable":true,"href":"https:\/\/edition-weissenburg.de\/blog\/index.php?rest_route=\/wp\/v2\/users\/1"}],"replies":[{"embeddable":true,"href":"https:\/\/edition-weissenburg.de\/blog\/index.php?rest_route=%2Fwp%2Fv2%2Fcomments&post=5646"}],"version-history":[{"count":4,"href":"https:\/\/edition-weissenburg.de\/blog\/index.php?rest_route=\/wp\/v2\/pages\/5646\/revisions"}],"predecessor-version":[{"id":8211,"href":"https:\/\/edition-weissenburg.de\/blog\/index.php?rest_route=\/wp\/v2\/pages\/5646\/revisions\/8211"}],"up":[{"embeddable":true,"href":"https:\/\/edition-weissenburg.de\/blog\/index.php?rest_route=\/wp\/v2\/pages\/5495"}],"wp:attachment":[{"href":"https:\/\/edition-weissenburg.de\/blog\/index.php?rest_route=%2Fwp%2Fv2%2Fmedia&parent=5646"}],"curies":[{"name":"wp","href":"https:\/\/api.w.org\/{rel}","templated":true}]}}